{"id":2413,"date":"2024-07-24T12:38:34","date_gmt":"2024-07-24T18:38:34","guid":{"rendered":"https:\/\/bienestar.campeche.gob.mx\/?page_id=2413"},"modified":"2025-02-04T13:41:31","modified_gmt":"2025-02-04T19:41:31","slug":"bienestar-social","status":"publish","type":"page","link":"https:\/\/bienestar.campeche.gob.mx\/?page_id=2413","title":{"rendered":"Bienestar Social"},"content":{"rendered":"<p>[et_pb_section fb_built=&#8221;1&#8243; _builder_version=&#8221;4.24.2&#8243; _module_preset=&#8221;default&#8221; background_image=&#8221;https:\/\/bienestar.campeche.gob.mx\/wp-content\/uploads\/JAGUARCOMPLETO.png&#8221; background_size=&#8221;initial&#8221; background_position=&#8221;top_left&#8221; background_horizontal_offset=&#8221;-4%&#8221; background_vertical_offset=&#8221;17%&#8221; global_colors_info=&#8221;{}&#8221;][et_pb_row column_structure=&#8221;1_3,2_3&#8243; _builder_version=&#8221;4.24.2&#8243; _module_preset=&#8221;default&#8221; global_colors_info=&#8221;{}&#8221;][et_pb_column type=&#8221;1_3&#8243; _builder_version=&#8221;4.24.2&#8243; _module_preset=&#8221;default&#8221; global_colors_info=&#8221;{}&#8221;][et_pb_image src=&#8221;https:\/\/bienestar.campeche.gob.mx\/wp-content\/uploads\/LOGOS_BIENESTAR_2024-02.png&#8221; title_text=&#8221;LOGOS_BIENESTAR_2024-02&#8243; _builder_version=&#8221;4.24.2&#8243; _module_preset=&#8221;default&#8221; width=&#8221;37%&#8221; module_alignment=&#8221;right&#8221; global_colors_info=&#8221;{}&#8221;][\/et_pb_image][\/et_pb_column][et_pb_column type=&#8221;2_3&#8243; _builder_version=&#8221;4.24.2&#8243; _module_preset=&#8221;default&#8221; global_colors_info=&#8221;{}&#8221;][et_pb_text _builder_version=&#8221;4.24.2&#8243; _module_preset=&#8221;default&#8221; transform_translate=&#8221;33px|63px&#8221; transform_translate_linked=&#8221;off&#8221; global_colors_info=&#8221;{}&#8221;]<\/p>\n<p style=\"text-align: justify;\">Entrega de <strong>apoyos en especie<\/strong> para el <strong>desarrollo de las comunidades y el mejoramiento de las condiciones de vida de las personas y las familias<\/strong>.<\/p>\n<p style=\"text-align: justify;\">As\u00ed como promover el fortalecimiento de las capacidades favoreciendo la reducci\u00f3n de desigualdades y al desarrollo social.<\/p>\n<p>[\/et_pb_text][\/et_pb_column][\/et_pb_row][et_pb_row column_structure=&#8221;1_3,1_3,1_3&#8243; _builder_version=&#8221;4.24.2&#8243; _module_preset=&#8221;default&#8221; global_colors_info=&#8221;{}&#8221;][et_pb_column type=&#8221;1_3&#8243; _builder_version=&#8221;4.24.2&#8243; _module_preset=&#8221;default&#8221; global_colors_info=&#8221;{}&#8221;][et_pb_text _builder_version=&#8221;4.24.2&#8243; _module_preset=&#8221;default&#8221; global_colors_info=&#8221;{}&#8221;]<\/p>\n<p style=\"text-align: justify;\"><strong>Poblaci\u00f3n Objetivo:<\/strong><\/p>\n<p style=\"text-align: justify;\">El proyecto est\u00e1 dirigido a las personas, familias, colonias, localidades y comunidades en situaci\u00f3n de vulnerabilidad.<\/p>\n<p style=\"text-align: justify;\">[\/et_pb_text][\/et_pb_column][et_pb_column type=&#8221;1_3&#8243; _builder_version=&#8221;4.24.2&#8243; _module_preset=&#8221;default&#8221; global_colors_info=&#8221;{}&#8221;][et_pb_image src=&#8221;https:\/\/bienestar.campeche.gob.mx\/wp-content\/uploads\/1-1.jpg&#8221; title_text=&#8221;1 (1)&#8221; _builder_version=&#8221;4.24.2&#8243; _module_preset=&#8221;default&#8221; global_colors_info=&#8221;{}&#8221;][\/et_pb_image][\/et_pb_column][et_pb_column type=&#8221;1_3&#8243; _builder_version=&#8221;4.24.2&#8243; _module_preset=&#8221;default&#8221; global_colors_info=&#8221;{}&#8221;][et_pb_text _builder_version=&#8221;4.24.2&#8243; _module_preset=&#8221;default&#8221; global_colors_info=&#8221;{}&#8221;]<\/p>\n<p><strong>Temporalidad:<\/strong><\/p>\n<p style=\"text-align: justify;\">10 meses.<\/p>\n<p style=\"text-align: justify;\">El cumplimiento de las acciones alcanzadas y la suficiencia presupuestal, determinar\u00e1n la conclusi\u00f3n del otorgamiento de los apoyos, o en su caso, hasta el 31 de diciembre de 2024.<\/p>\n<p>[\/et_pb_text][\/et_pb_column][\/et_pb_row][et_pb_row _builder_version=&#8221;4.24.2&#8243; _module_preset=&#8221;default&#8221; custom_padding=&#8221;13px|||||&#8221; global_colors_info=&#8221;{}&#8221;][et_pb_column type=&#8221;4_4&#8243; _builder_version=&#8221;4.24.2&#8243; _module_preset=&#8221;default&#8221; global_colors_info=&#8221;{}&#8221;][et_pb_text _builder_version=&#8221;4.24.2&#8243; _module_preset=&#8221;default&#8221; global_colors_info=&#8221;{}&#8221;]<\/p>\n<h4 style=\"text-align: justify;\"><strong>Requisitos:<\/strong><\/h4>\n<p style=\"text-align: justify;\">Original (para cotejo) y copia legible de cualquiera de los siguientes documentos vigentes:<\/p>\n<ol style=\"text-align: justify;\">\n<li>Solicitud presentada a trav\u00e9s de la Ventanilla \u00danica de los Programas de Desarrollo Social<\/li>\n<li>Original (para cotejo) y copia legible de cualquiera de los siguientes documentos vigentes: identificaci\u00f3n Oficial con Fotograf\u00eda (INE, CARTILLA MILITAR LIBERADA o LICENCIA DE MANEJO). Para el caso de migrantes o personas en proceso de reinserci\u00f3n social que no cuenten con ninguno de estos documentos, podr\u00e1n presentar el documento que acredite la personalidad de quien funja como su aval; as\u00ed mismo, en el o los casos que la persona(s) a beneficiar pertenezca a un grupo prioritario y que por su grado de vulnerabilidad no le sea posible acreditar su personalidad y capacidad jur\u00eddica para ser beneficiaria del proyecto \u201cBienestar Social\u201d, podr\u00e1 ser representado por alguna instituci\u00f3n p\u00fablica que facilite el uso del bien y\/o servicio a dicha persona(s).<\/li>\n<li>Dos N\u00fameros de Tel\u00e9fono; y<\/li>\n<li>Croquis del domicilio con referencias.<\/li>\n<\/ol>\n<p>[\/et_pb_text][\/et_pb_column][\/et_pb_row][et_pb_row column_structure=&#8221;1_2,1_2&#8243; _builder_version=&#8221;4.24.2&#8243; _module_preset=&#8221;default&#8221; global_colors_info=&#8221;{}&#8221;][et_pb_column type=&#8221;1_2&#8243; _builder_version=&#8221;4.24.2&#8243; _module_preset=&#8221;default&#8221; global_colors_info=&#8221;{}&#8221;][et_pb_image src=&#8221;https:\/\/bienestar.campeche.gob.mx\/wp-content\/uploads\/1-5-1.jpg&#8221; title_text=&#8221;1 (5)&#8221; _builder_version=&#8221;4.24.2&#8243; _module_preset=&#8221;default&#8221; global_colors_info=&#8221;{}&#8221;][\/et_pb_image][\/et_pb_column][et_pb_column type=&#8221;1_2&#8243; _builder_version=&#8221;4.24.2&#8243; _module_preset=&#8221;default&#8221; global_colors_info=&#8221;{}&#8221;][et_pb_image src=&#8221;https:\/\/bienestar.campeche.gob.mx\/wp-content\/uploads\/Imagen2.png&#8221; title_text=&#8221;Imagen2&#8243; _builder_version=&#8221;4.27.2&#8243; _module_preset=&#8221;default&#8221; hover_enabled=&#8221;0&#8243; global_colors_info=&#8221;{}&#8221; width=&#8221;69%&#8221; module_alignment=&#8221;center&#8221; sticky_enabled=&#8221;0&#8243;][\/et_pb_image][\/et_pb_column][\/et_pb_row][\/et_pb_section]<\/p>\n","protected":false},"excerpt":{"rendered":"<p>Entrega de apoyos en especie para el desarrollo de las comunidades y el mejoramiento de las condiciones de vida de las personas y las familias. As\u00ed como promover el fortalecimiento de las capacidades favoreciendo la reducci\u00f3n de desigualdades y al desarrollo social.Poblaci\u00f3n Objetivo: El proyecto est\u00e1 dirigido a las personas, familias, colonias, localidades y comunidades [&hellip;]<\/p>\n","protected":false},"author":1,"featured_media":0,"parent":0,"menu_order":0,"comment_status":"closed","ping_status":"closed","template":"","meta":{"_acf_changed":false,"_et_pb_use_builder":"on","_et_pb_old_content":"","_et_gb_content_width":"","inline_featured_image":false,"footnotes":""},"acf":[],"_links":{"self":[{"href":"https:\/\/bienestar.campeche.gob.mx\/index.php?rest_route=\/wp\/v2\/pages\/2413"}],"collection":[{"href":"https:\/\/bienestar.campeche.gob.mx\/index.php?rest_route=\/wp\/v2\/pages"}],"about":[{"href":"https:\/\/bienestar.campeche.gob.mx\/index.php?rest_route=\/wp\/v2\/types\/page"}],"author":[{"embeddable":true,"href":"https:\/\/bienestar.campeche.gob.mx\/index.php?rest_route=\/wp\/v2\/users\/1"}],"replies":[{"embeddable":true,"href":"https:\/\/bienestar.campeche.gob.mx\/index.php?rest_route=%2Fwp%2Fv2%2Fcomments&post=2413"}],"version-history":[{"count":8,"href":"https:\/\/bienestar.campeche.gob.mx\/index.php?rest_route=\/wp\/v2\/pages\/2413\/revisions"}],"predecessor-version":[{"id":2630,"href":"https:\/\/bienestar.campeche.gob.mx\/index.php?rest_route=\/wp\/v2\/pages\/2413\/revisions\/2630"}],"wp:attachment":[{"href":"https:\/\/bienestar.campeche.gob.mx\/index.php?rest_route=%2Fwp%2Fv2%2Fmedia&parent=2413"}],"curies":[{"name":"wp","href":"https:\/\/api.w.org\/{rel}","templated":true}]}}