{"id":2326,"date":"2024-07-17T10:18:34","date_gmt":"2024-07-17T16:18:34","guid":{"rendered":"https:\/\/bienestar.campeche.gob.mx\/?page_id=2326"},"modified":"2025-02-04T13:34:56","modified_gmt":"2025-02-04T19:34:56","slug":"formacion_jaguar","status":"publish","type":"page","link":"https:\/\/bienestar.campeche.gob.mx\/?page_id=2326","title":{"rendered":"Formacion_Jaguar"},"content":{"rendered":"<p>[et_pb_section fb_built=&#8221;1&#8243; _builder_version=&#8221;4.24.2&#8243; _module_preset=&#8221;default&#8221; background_image=&#8221;https:\/\/bienestar.campeche.gob.mx\/wp-content\/uploads\/JAGUARCOMPLETOgris2.png&#8221; background_size=&#8221;initial&#8221; background_position=&#8221;bottom_left&#8221; global_colors_info=&#8221;{}&#8221;][et_pb_row column_structure=&#8221;1_2,1_2&#8243; _builder_version=&#8221;4.24.2&#8243; _module_preset=&#8221;default&#8221; global_colors_info=&#8221;{}&#8221;][et_pb_column type=&#8221;1_2&#8243; _builder_version=&#8221;4.24.2&#8243; _module_preset=&#8221;default&#8221; global_colors_info=&#8221;{}&#8221;][et_pb_image src=&#8221;https:\/\/bienestar.campeche.gob.mx\/wp-content\/uploads\/LOGOS_BIENESTAR_2024-05.png&#8221; title_text=&#8221;LOGOS_BIENESTAR_2024-05&#8243; align=&#8221;center&#8221; _builder_version=&#8221;4.24.2&#8243; _module_preset=&#8221;default&#8221; width=&#8221;26%&#8221; global_colors_info=&#8221;{}&#8221;][\/et_pb_image][\/et_pb_column][et_pb_column type=&#8221;1_2&#8243; _builder_version=&#8221;4.24.2&#8243; _module_preset=&#8221;default&#8221; global_colors_info=&#8221;{}&#8221;][et_pb_text _builder_version=&#8221;4.24.2&#8243; _module_preset=&#8221;default&#8221; custom_padding=&#8221;||26px|||&#8221; global_colors_info=&#8221;{}&#8221;]<\/p>\n<p><span style=\"font-size: xx-large; color: #999999;\"><b><i><\/i><\/b><\/span><\/p>\n<p><span style=\"font-size: xx-large; color: #999999;\"><b><i><\/i><\/b><\/span><\/p>\n<p><span style=\"font-size: xx-large; color: #999999;\"><b><i><\/i><\/b><\/span><\/p>\n<p><span style=\"font-size: xx-large; color: #999999;\"><b><i><\/i><\/b><\/span><\/p>\n<p><span style=\"font-size: xx-large; color: #999999;\"><b><i><\/i><\/b><\/span><\/p>\n<p><span style=\"font-size: xx-large; color: #999999;\"><b><i>Alumnas y alumnos<\/i><\/b><\/span> inscritos(as) en <span style=\"font-size: x-large; color: #800000;\"><b><i>escuelas p\u00fablicas generales <\/i><\/b><\/span>de las <span style=\"font-size: x-large; color: #008000;\"><b><i>localidades urbanas<\/i><\/b><\/span><b><i>.<\/i><\/b><\/p>\n<p>[\/et_pb_text][\/et_pb_column][\/et_pb_row][et_pb_row _builder_version=&#8221;4.24.2&#8243; _module_preset=&#8221;default&#8221; global_colors_info=&#8221;{}&#8221;][et_pb_column type=&#8221;4_4&#8243; _builder_version=&#8221;4.24.2&#8243; _module_preset=&#8221;default&#8221; global_colors_info=&#8221;{}&#8221;][et_pb_text _builder_version=&#8221;4.24.2&#8243; _module_preset=&#8221;default&#8221; global_colors_info=&#8221;{}&#8221;]<\/p>\n<p>En la Secretar\u00eda de Bienestar del Estado de Campeche estamos comprometidos en contribuir a la reducci\u00f3n del gasto econ\u00f3mico de las familias en situaci\u00f3n de vulnerabilidad y de las y los estudiantes de educaci\u00f3n primaria en las localidades urbanas. Nuestro objetivo es brindar apoyo y soluciones para que juntos podamos lograr un mejor bienestar para todos.<\/p>\n<p>[\/et_pb_text][\/et_pb_column][\/et_pb_row][et_pb_row column_structure=&#8221;1_3,2_3&#8243; _builder_version=&#8221;4.24.2&#8243; _module_preset=&#8221;default&#8221; global_colors_info=&#8221;{}&#8221;][et_pb_column type=&#8221;1_3&#8243; _builder_version=&#8221;4.24.2&#8243; _module_preset=&#8221;default&#8221; global_colors_info=&#8221;{}&#8221;][et_pb_image src=&#8221;https:\/\/bienestar.campeche.gob.mx\/wp-content\/uploads\/1-2.jpg&#8221; title_text=&#8221;1 (2)&#8221; _builder_version=&#8221;4.24.2&#8243; _module_preset=&#8221;default&#8221; global_colors_info=&#8221;{}&#8221;][\/et_pb_image][\/et_pb_column][et_pb_column type=&#8221;2_3&#8243; _builder_version=&#8221;4.24.2&#8243; _module_preset=&#8221;default&#8221; global_colors_info=&#8221;{}&#8221;][et_pb_text _builder_version=&#8221;4.24.2&#8243; _module_preset=&#8221;default&#8221; custom_margin=&#8221;0px||||false|false&#8221; custom_padding=&#8221;121px||||false|false&#8221; global_colors_info=&#8221;{}&#8221;]<\/p>\n<p><strong>Nuestro Objetivo:<\/strong><\/p>\n<p>Entregar <strong>uniformes deportivos<\/strong> a las y los <strong>estudiantes de educaci\u00f3n primaria en los planteles educativos p\u00fablicos<\/strong> generales o ind\u00edgenas, y de aquellos de educaci\u00f3n especial en <strong>zonas urbanas del estado <\/strong>para ayudar a la continuidad y asistencia regular de la poblaci\u00f3n objetivo, al desarrollo de sus<br \/>actividades escolares y\/o deportivas.<\/p>\n<p>[\/et_pb_text][\/et_pb_column][\/et_pb_row][et_pb_row column_structure=&#8221;1_4,3_4&#8243; _builder_version=&#8221;4.24.2&#8243; _module_preset=&#8221;default&#8221; global_colors_info=&#8221;{}&#8221;][et_pb_column type=&#8221;1_4&#8243; _builder_version=&#8221;4.24.2&#8243; _module_preset=&#8221;default&#8221; global_colors_info=&#8221;{}&#8221;][et_pb_text _builder_version=&#8221;4.24.2&#8243; _module_preset=&#8221;default&#8221; global_colors_info=&#8221;{}&#8221;]<\/p>\n<p style=\"text-align: left;\">Este apoyo se da en las siguientes localidades:<\/p>\n<ol>\n<li style=\"list-style-type: none;\">\n<ol>\n<li>Calakmul<\/li>\n<li>Calkin\u00ed<\/li>\n<li>Campeche<\/li>\n<li>Candelaria<\/li>\n<li>Carmen<\/li>\n<li>Champot\u00f3n<\/li>\n<li>Dzitbalch\u00e9<\/li>\n<li>Esc\u00e1rcega<\/li>\n<li>Hecelchak\u00e1n<\/li>\n<li>Hopelch\u00e9n<\/li>\n<li>Palizada<\/li>\n<li>Seybaplaya<\/li>\n<li>Tenabo<\/li>\n<\/ol>\n<\/li>\n<\/ol>\n<p>[\/et_pb_text][\/et_pb_column][et_pb_column type=&#8221;3_4&#8243; _builder_version=&#8221;4.24.2&#8243; _module_preset=&#8221;default&#8221; global_colors_info=&#8221;{}&#8221;][et_pb_image src=&#8221;https:\/\/bienestar.campeche.gob.mx\/wp-content\/uploads\/Imagen2.png&#8221; title_text=&#8221;Imagen2&#8243; disabled_on=&#8221;off|off|off&#8221; _builder_version=&#8221;4.27.2&#8243; _module_preset=&#8221;default&#8221; transform_scale=&#8221;152%|152%&#8221; transform_translate=&#8221;22px|40px&#8221; width=&#8221;33%&#8221; module_alignment=&#8221;center&#8221; hover_enabled=&#8221;0&#8243; border_radii=&#8221;on|9px|9px|9px|9px&#8221; box_shadow_style=&#8221;preset1&#8243; global_colors_info=&#8221;{}&#8221; sticky_enabled=&#8221;0&#8243;][\/et_pb_image][\/et_pb_column][\/et_pb_row][et_pb_row column_structure=&#8221;1_5,1_5,1_5,1_5,1_5&#8243; _builder_version=&#8221;4.24.2&#8243; _module_preset=&#8221;default&#8221; global_colors_info=&#8221;{}&#8221;][et_pb_column type=&#8221;1_5&#8243; _builder_version=&#8221;4.24.2&#8243; _module_preset=&#8221;default&#8221; global_colors_info=&#8221;{}&#8221;][et_pb_text _builder_version=&#8221;4.24.2&#8243; _module_preset=&#8221;default&#8221; global_colors_info=&#8221;{}&#8221;]<\/p>\n<p style=\"text-align: center;\"><strong>Temporalidad:<\/strong><\/p>\n<p style=\"text-align: center;\">Anual<\/p>\n<p>[\/et_pb_text][\/et_pb_column][et_pb_column type=&#8221;1_5&#8243; _builder_version=&#8221;4.24.2&#8243; _module_preset=&#8221;default&#8221; global_colors_info=&#8221;{}&#8221;][et_pb_text _builder_version=&#8221;4.24.2&#8243; _module_preset=&#8221;default&#8221; global_colors_info=&#8221;{}&#8221;]<\/p>\n<p style=\"text-align: center;\"><strong>Fechas de apertura:<\/strong><\/p>\n<p style=\"text-align: center;\">Al inicio del ciclo escolar<\/p>\n<p>[\/et_pb_text][\/et_pb_column][et_pb_column type=&#8221;1_5&#8243; _builder_version=&#8221;4.24.2&#8243; _module_preset=&#8221;default&#8221; global_colors_info=&#8221;{}&#8221;][et_pb_text _builder_version=&#8221;4.24.2&#8243; _module_preset=&#8221;default&#8221; global_colors_info=&#8221;{}&#8221;]<\/p>\n<p style=\"text-align: center;\"><strong>Fecha de cierre:<\/strong><\/p>\n<p style=\"text-align: center;\">24 de Diciembre de 2024<\/p>\n<p>[\/et_pb_text][\/et_pb_column][et_pb_column type=&#8221;1_5&#8243; _builder_version=&#8221;4.24.2&#8243; _module_preset=&#8221;default&#8221; global_colors_info=&#8221;{}&#8221;][et_pb_text _builder_version=&#8221;4.24.2&#8243; _module_preset=&#8221;default&#8221; global_colors_info=&#8221;{}&#8221;]<\/p>\n<p style=\"text-align: center;\"><strong>Criterio de elegibilidad:<\/strong><\/p>\n<p style=\"text-align: justify;\">La SEDUC proporciona el reporte generado de las inscripciones del mes de febrero del total de escuelas primarias p\u00fablicas generales o ind\u00edgenas ubicados en las localidades urbanas.<\/p>\n<p>[\/et_pb_text][\/et_pb_column][et_pb_column type=&#8221;1_5&#8243; _builder_version=&#8221;4.24.2&#8243; _module_preset=&#8221;default&#8221; global_colors_info=&#8221;{}&#8221;][et_pb_text _builder_version=&#8221;4.24.2&#8243; _module_preset=&#8221;default&#8221; global_colors_info=&#8221;{}&#8221;]<\/p>\n<p style=\"text-align: justify;\"><strong>Requisitos:<br \/><\/strong>Ser alumna o alumno inscrito(a) o registrado(a) en escuela primarias p\u00fablica general o ind\u00edgenas y de los Centros de Atenci\u00f3n M\u00faltiple de Educaci\u00f3n Especial (CAM) de las localidades urbanas.<\/p>\n<p>[\/et_pb_text][\/et_pb_column][\/et_pb_row][\/et_pb_section]<\/p>\n","protected":false},"excerpt":{"rendered":"<p>Alumnas y alumnos inscritos(as) en escuelas p\u00fablicas generales de las localidades urbanas.En la Secretar\u00eda de Bienestar del Estado de Campeche estamos comprometidos en contribuir a la reducci\u00f3n del gasto econ\u00f3mico de las familias en situaci\u00f3n de vulnerabilidad y de las y los estudiantes de educaci\u00f3n primaria en las localidades urbanas. Nuestro objetivo es brindar apoyo [&hellip;]<\/p>\n","protected":false},"author":1,"featured_media":0,"parent":0,"menu_order":0,"comment_status":"closed","ping_status":"closed","template":"","meta":{"_acf_changed":false,"_et_pb_use_builder":"on","_et_pb_old_content":"","_et_gb_content_width":"","inline_featured_image":false,"footnotes":""},"acf":[],"_links":{"self":[{"href":"https:\/\/bienestar.campeche.gob.mx\/index.php?rest_route=\/wp\/v2\/pages\/2326"}],"collection":[{"href":"https:\/\/bienestar.campeche.gob.mx\/index.php?rest_route=\/wp\/v2\/pages"}],"about":[{"href":"https:\/\/bienestar.campeche.gob.mx\/index.php?rest_route=\/wp\/v2\/types\/page"}],"author":[{"embeddable":true,"href":"https:\/\/bienestar.campeche.gob.mx\/index.php?rest_route=\/wp\/v2\/users\/1"}],"replies":[{"embeddable":true,"href":"https:\/\/bienestar.campeche.gob.mx\/index.php?rest_route=%2Fwp%2Fv2%2Fcomments&post=2326"}],"version-history":[{"count":16,"href":"https:\/\/bienestar.campeche.gob.mx\/index.php?rest_route=\/wp\/v2\/pages\/2326\/revisions"}],"predecessor-version":[{"id":2627,"href":"https:\/\/bienestar.campeche.gob.mx\/index.php?rest_route=\/wp\/v2\/pages\/2326\/revisions\/2627"}],"wp:attachment":[{"href":"https:\/\/bienestar.campeche.gob.mx\/index.php?rest_route=%2Fwp%2Fv2%2Fmedia&parent=2326"}],"curies":[{"name":"wp","href":"https:\/\/api.w.org\/{rel}","templated":true}]}}