{"id":2304,"date":"2024-07-15T15:34:19","date_gmt":"2024-07-15T21:34:19","guid":{"rendered":"https:\/\/bienestar.campeche.gob.mx\/?page_id=2304"},"modified":"2025-02-04T13:21:29","modified_gmt":"2025-02-04T19:21:29","slug":"proyectos-para-el-bienestar","status":"publish","type":"page","link":"https:\/\/bienestar.campeche.gob.mx\/?page_id=2304","title":{"rendered":"Proyectos para el Bienestar"},"content":{"rendered":"<p>[et_pb_section fb_built=&#8221;1&#8243; _builder_version=&#8221;4.24.2&#8243; _module_preset=&#8221;default&#8221; background_image=&#8221;https:\/\/bienestar.campeche.gob.mx\/wp-content\/uploads\/fondotemp2-scaled.jpg&#8221; background_size=&#8221;cover&#8221; global_colors_info=&#8221;{}&#8221;][et_pb_row column_structure=&#8221;3_5,2_5&#8243; _builder_version=&#8221;4.24.2&#8243; _module_preset=&#8221;default&#8221; global_colors_info=&#8221;{}&#8221;][et_pb_column type=&#8221;3_5&#8243; _builder_version=&#8221;4.24.2&#8243; _module_preset=&#8221;default&#8221; global_colors_info=&#8221;{}&#8221;][et_pb_image src=&#8221;https:\/\/bienestar.campeche.gob.mx\/wp-content\/uploads\/LOGOS_BIENESTAR_2024-10-1.png&#8221; title_text=&#8221;LOGOS_BIENESTAR_2024-10&#8243; _builder_version=&#8221;4.24.2&#8243; _module_preset=&#8221;default&#8221; width=&#8221;30%&#8221; module_alignment=&#8221;center&#8221; global_colors_info=&#8221;{}&#8221;][\/et_pb_image][\/et_pb_column][et_pb_column type=&#8221;2_5&#8243; _builder_version=&#8221;4.24.2&#8243; _module_preset=&#8221;default&#8221; global_colors_info=&#8221;{}&#8221;][et_pb_text _builder_version=&#8221;4.24.2&#8243; _module_preset=&#8221;default&#8221; transform_translate=&#8221;-69px|5px&#8221; text_orientation=&#8221;justified&#8221; width=&#8221;109%&#8221; module_alignment=&#8221;center&#8221; custom_margin=&#8221;35px|0px|0px|0px|false|false&#8221; custom_padding=&#8221;|8px|4px|12px|false|false&#8221; box_shadow_style=&#8221;preset4&#8243; box_shadow_color=&#8221;#e08682&#8243; global_colors_info=&#8221;{}&#8221;]<\/p>\n<p style=\"text-align: justify;\">Entrega de <strong>apoyos en especie<\/strong> a personas, familias o grupos organizados que tengan alguna necesidad general y\/o espec\u00edfica para el desarrollo de alg\u00fan <strong>proyecto de emprendimiento<\/strong>.<\/p>\n<p>[\/et_pb_text][\/et_pb_column][\/et_pb_row][et_pb_row _builder_version=&#8221;4.24.2&#8243; _module_preset=&#8221;default&#8221; global_colors_info=&#8221;{}&#8221;][et_pb_column type=&#8221;4_4&#8243; _builder_version=&#8221;4.24.2&#8243; _module_preset=&#8221;default&#8221; global_colors_info=&#8221;{}&#8221;][et_pb_gallery gallery_ids=&#8221;2489,2310,2311,2312,2314,2317,2316&#8243; fullwidth=&#8221;on&#8221; _builder_version=&#8221;4.24.2&#8243; _module_preset=&#8221;default&#8221; title_text_align=&#8221;center&#8221; pagination_text_align=&#8221;center&#8221; text_orientation=&#8221;center&#8221; width=&#8221;40%&#8221; module_alignment=&#8221;center&#8221; global_colors_info=&#8221;{}&#8221;][\/et_pb_gallery][\/et_pb_column][\/et_pb_row][et_pb_row column_structure=&#8221;1_2,1_2&#8243; _builder_version=&#8221;4.24.2&#8243; _module_preset=&#8221;default&#8221; global_colors_info=&#8221;{}&#8221;][et_pb_column type=&#8221;1_2&#8243; _builder_version=&#8221;4.24.2&#8243; _module_preset=&#8221;default&#8221; global_colors_info=&#8221;{}&#8221;][et_pb_text _builder_version=&#8221;4.24.2&#8243; _module_preset=&#8221;default&#8221; global_colors_info=&#8221;{}&#8221;]<\/p>\n<p style=\"text-align: justify;\"><strong>Poblaci\u00f3n Objetivo:<\/strong><\/p>\n<p style=\"text-align: justify;\">El Proyecto est\u00e1 dirigido a las personas, familias o grupos organizados con alg\u00fan grado de rezago social o marginaci\u00f3n ubicadas en zonas urbanas y\/o rurales.<\/p>\n<p>[\/et_pb_text][\/et_pb_column][et_pb_column type=&#8221;1_2&#8243; _builder_version=&#8221;4.24.2&#8243; _module_preset=&#8221;default&#8221; global_colors_info=&#8221;{}&#8221;][et_pb_text _builder_version=&#8221;4.24.2&#8243; _module_preset=&#8221;default&#8221; global_colors_info=&#8221;{}&#8221;]<\/p>\n<p style=\"text-align: justify;\">Este programa esta dirigido a los 13 municipios.<\/p>\n<p style=\"text-align: justify;\">El cumplimiento de las acciones alcanzadas y la suficiencia presupuestal, determinar\u00e1n la conclusi\u00f3n del otorgamiento de los apoyos, o en su caso, hasta el 31 de diciembre de 2024.<\/p>\n<p>[\/et_pb_text][\/et_pb_column][\/et_pb_row][et_pb_row _builder_version=&#8221;4.24.2&#8243; _module_preset=&#8221;default&#8221; global_colors_info=&#8221;{}&#8221;][et_pb_column type=&#8221;4_4&#8243; _builder_version=&#8221;4.24.2&#8243; _module_preset=&#8221;default&#8221; global_colors_info=&#8221;{}&#8221;][et_pb_text _builder_version=&#8221;4.24.2&#8243; _module_preset=&#8221;default&#8221; global_colors_info=&#8221;{}&#8221;]<\/p>\n<p style=\"text-align: justify;\"><strong>Requisitos:<\/strong><\/p>\n<ol>\n<li style=\"text-align: justify;\">Realizar solicitud a trav\u00e9s de la Ventanilla \u00danica de los Programas Sociales de la Secretar\u00eda de Bienestar.<\/li>\n<li style=\"text-align: justify;\">El grupo solicitante debe estar conformado m\u00ednimo por dos personas.<\/li>\n<li style=\"text-align: justify;\">Copia de Identificaci\u00f3n Oficial legible con fotograf\u00eda de cada uno de los solicitantes (INE, pasaporte, licencia de la SSP, credencial del IMSS, cartilla militar liberada), y en caso de no contar con ninguna identificaci\u00f3n por ser poblaci\u00f3n migrante y\/o personas en proceso de reinserci\u00f3n social se except\u00faa presentando la identificaci\u00f3n de un aval.<\/li>\n<li style=\"text-align: justify;\">Ficha informativa de la actividad o proyecto a realizar y el n\u00famero de personas a las que se pretende beneficiar con el apoyo que se reciba.<\/li>\n<li style=\"text-align: justify;\">Firmar carta compromiso y corresponsabilidad social.<\/li>\n<\/ol>\n<p>[\/et_pb_text][\/et_pb_column][\/et_pb_row][et_pb_row column_structure=&#8221;1_2,1_2&#8243; _builder_version=&#8221;4.24.2&#8243; _module_preset=&#8221;default&#8221; global_colors_info=&#8221;{}&#8221; disabled_on=&#8221;on|on|on&#8221; disabled=&#8221;on&#8221;][et_pb_column type=&#8221;1_2&#8243; _builder_version=&#8221;4.24.2&#8243; _module_preset=&#8221;default&#8221; global_colors_info=&#8221;{}&#8221;][et_pb_image src=&#8221;https:\/\/bienestar.campeche.gob.mx\/wp-content\/uploads\/1-1-3.jpg&#8221; title_text=&#8221;1 (1)&#8221; _builder_version=&#8221;4.24.2&#8243; _module_preset=&#8221;default&#8221; global_colors_info=&#8221;{}&#8221;][\/et_pb_image][\/et_pb_column][et_pb_column type=&#8221;1_2&#8243; _builder_version=&#8221;4.24.2&#8243; _module_preset=&#8221;default&#8221; global_colors_info=&#8221;{}&#8221;][et_pb_image src=&#8221;https:\/\/bienestar.campeche.gob.mx\/wp-content\/uploads\/1-5-2.jpg&#8221; title_text=&#8221;1 (5)&#8221; _builder_version=&#8221;4.24.2&#8243; _module_preset=&#8221;default&#8221; transform_scale=&#8221;88%|88%&#8221; transform_translate=&#8221;0px|-37px&#8221; transform_translate_linked=&#8221;off&#8221; module_alignment=&#8221;center&#8221; global_colors_info=&#8221;{}&#8221;][\/et_pb_image][\/et_pb_column][\/et_pb_row][\/et_pb_section]<\/p>\n","protected":false},"excerpt":{"rendered":"<p>Entrega de apoyos en especie a personas, familias o grupos organizados que tengan alguna necesidad general y\/o espec\u00edfica para el desarrollo de alg\u00fan proyecto de emprendimiento.Poblaci\u00f3n Objetivo: El Proyecto est\u00e1 dirigido a las personas, familias o grupos organizados con alg\u00fan grado de rezago social o marginaci\u00f3n ubicadas en zonas urbanas y\/o rurales.Este programa esta dirigido [&hellip;]<\/p>\n","protected":false},"author":1,"featured_media":0,"parent":0,"menu_order":0,"comment_status":"closed","ping_status":"closed","template":"","meta":{"_acf_changed":false,"_et_pb_use_builder":"on","_et_pb_old_content":"","_et_gb_content_width":"","inline_featured_image":false,"footnotes":""},"acf":[],"_links":{"self":[{"href":"https:\/\/bienestar.campeche.gob.mx\/index.php?rest_route=\/wp\/v2\/pages\/2304"}],"collection":[{"href":"https:\/\/bienestar.campeche.gob.mx\/index.php?rest_route=\/wp\/v2\/pages"}],"about":[{"href":"https:\/\/bienestar.campeche.gob.mx\/index.php?rest_route=\/wp\/v2\/types\/page"}],"author":[{"embeddable":true,"href":"https:\/\/bienestar.campeche.gob.mx\/index.php?rest_route=\/wp\/v2\/users\/1"}],"replies":[{"embeddable":true,"href":"https:\/\/bienestar.campeche.gob.mx\/index.php?rest_route=%2Fwp%2Fv2%2Fcomments&post=2304"}],"version-history":[{"count":8,"href":"https:\/\/bienestar.campeche.gob.mx\/index.php?rest_route=\/wp\/v2\/pages\/2304\/revisions"}],"predecessor-version":[{"id":2624,"href":"https:\/\/bienestar.campeche.gob.mx\/index.php?rest_route=\/wp\/v2\/pages\/2304\/revisions\/2624"}],"wp:attachment":[{"href":"https:\/\/bienestar.campeche.gob.mx\/index.php?rest_route=%2Fwp%2Fv2%2Fmedia&parent=2304"}],"curies":[{"name":"wp","href":"https:\/\/api.w.org\/{rel}","templated":true}]}}