{"id":2061,"date":"2024-02-28T11:05:46","date_gmt":"2024-02-28T17:05:46","guid":{"rendered":"https:\/\/bienestar.campeche.gob.mx\/?page_id=2061"},"modified":"2025-02-04T13:47:45","modified_gmt":"2025-02-04T19:47:45","slug":"seguridad_alimentaria","status":"publish","type":"page","link":"https:\/\/bienestar.campeche.gob.mx\/?page_id=2061","title":{"rendered":"Seguridad_Alimentaria"},"content":{"rendered":"<p>[et_pb_section fb_built=&#8221;1&#8243; _builder_version=&#8221;4.24.2&#8243; _module_preset=&#8221;default&#8221; background_image=&#8221;https:\/\/bienestar.campeche.gob.mx\/wp-content\/uploads\/palomitas.png&#8221; min_height=&#8221;347.2px&#8221; custom_padding=&#8221;||0px|||&#8221; global_colors_info=&#8221;{}&#8221;][et_pb_row column_structure=&#8221;2_5,3_5&#8243; _builder_version=&#8221;4.19.2&#8243; _module_preset=&#8221;default&#8221; global_colors_info=&#8221;{}&#8221;][et_pb_column type=&#8221;2_5&#8243; _builder_version=&#8221;4.19.2&#8243; _module_preset=&#8221;default&#8221; global_colors_info=&#8221;{}&#8221;][et_pb_image src=&#8221;https:\/\/bienestar.campeche.gob.mx\/wp-content\/uploads\/LOGOS_BIENESTAR_2024-13.png&#8221; title_text=&#8221;LOGOS_BIENESTAR_2024-13&#8243; align=&#8221;right&#8221; _builder_version=&#8221;4.24.2&#8243; _module_preset=&#8221;default&#8221; width=&#8221;40%&#8221; custom_margin=&#8221;|||170px|false|false&#8221; custom_padding=&#8221;0px||0px|0px|false|false&#8221; global_colors_info=&#8221;{}&#8221;][\/et_pb_image][\/et_pb_column][et_pb_column type=&#8221;3_5&#8243; _builder_version=&#8221;4.19.2&#8243; _module_preset=&#8221;default&#8221; global_colors_info=&#8221;{}&#8221;][et_pb_text _builder_version=&#8221;4.24.2&#8243; _module_preset=&#8221;default&#8221; transform_translate=&#8221;0px|36px&#8221; transform_translate_linked=&#8221;off&#8221; custom_margin=&#8221;0px|134px|0px|-100px|false|false&#8221; custom_padding=&#8221;0px|0px|0px|0px|false|false&#8221; global_colors_info=&#8221;{}&#8221;]<\/p>\n<h4 style=\"text-align: center;\"><strong>Objetivo General<\/strong><\/h4>\n<p style=\"text-align: justify;\">Contribuir al ejercicio del derecho a la alimentaci\u00f3n de personas y familias de localidades urbanas de Champot\u00f3n, Esc\u00e1rcega, Carmen y Campeche en condici\u00f3n de vulnerabilidad social, econ\u00f3mica e inseguridad alimentaria leve y\/o moderada, a trav\u00e9s de la entrega de alimentos, acciones de orientaci\u00f3n alimentaria y vigilancia nutricional.<\/p>\n<p>[\/et_pb_text][\/et_pb_column][\/et_pb_row][\/et_pb_section][et_pb_section fb_built=&#8221;1&#8243; _builder_version=&#8221;4.19.2&#8243; _module_preset=&#8221;default&#8221; background_image=&#8221;https:\/\/bienestar.campeche.gob.mx\/wp-content\/uploads\/JAGUARCOMPLETOgris2.png&#8221; background_position=&#8221;center_right&#8221; module_alignment=&#8221;right&#8221; custom_padding=&#8221;0px|||||&#8221; global_colors_info=&#8221;{}&#8221;][et_pb_row column_structure=&#8221;1_2,1_2&#8243; _builder_version=&#8221;4.19.2&#8243; _module_preset=&#8221;default&#8221; global_colors_info=&#8221;{}&#8221;][et_pb_column type=&#8221;1_2&#8243; _builder_version=&#8221;4.19.2&#8243; _module_preset=&#8221;default&#8221; global_colors_info=&#8221;{}&#8221;][et_pb_text _builder_version=&#8221;4.19.2&#8243; _module_preset=&#8221;default&#8221; global_colors_info=&#8221;{}&#8221;]<\/p>\n<h4 style=\"text-align: center;\"><strong>Cobertura<\/strong><\/h4>\n<p style=\"text-align: center;\">El proyecto \u201cSeguridad Alimentaria\u201d tiene una cobertura Estatal.<\/p>\n<p>[\/et_pb_text][et_pb_image src=&#8221;https:\/\/bienestar.campeche.gob.mx\/wp-content\/uploads\/campeche.jpg&#8221; title_text=&#8221;campeche&#8221; align=&#8221;center&#8221; _builder_version=&#8221;4.19.2&#8243; _module_preset=&#8221;default&#8221; global_colors_info=&#8221;{}&#8221;][\/et_pb_image][\/et_pb_column][et_pb_column type=&#8221;1_2&#8243; _builder_version=&#8221;4.19.2&#8243; _module_preset=&#8221;default&#8221; global_colors_info=&#8221;{}&#8221;][et_pb_text _builder_version=&#8221;4.19.2&#8243; _module_preset=&#8221;default&#8221; transform_translate=&#8221;0px|58px&#8221; global_colors_info=&#8221;{}&#8221;]<\/p>\n<h4 style=\"text-align: center;\"><span style=\"color: #000000;\"><strong>Caracter\u00edsticas de los apoyos<\/strong><\/span><\/h4>\n<ul>\n<li style=\"text-align: justify;\"><span style=\"color: #000000;\">Apoyo en especie, de alimentos no perecederos que contribuyan a la pr\u00e1ctica de una alimentaci\u00f3n correcta.<\/span><\/li>\n<li style=\"text-align: justify;\"><span style=\"color: #000000;\">Servicios de orientaci\u00f3n y capacitaci\u00f3n en materia alimentaria orientados a contribuir para la pr\u00e1ctica de alimentaci\u00f3n completa variada, inocua, equilibrada y adecuada.<\/span><\/li>\n<li style=\"text-align: justify;\"><span style=\"color: #000000;\">Una raci\u00f3n caliente preparada en un servicio de alimentaci\u00f3n.<\/span><\/li>\n<\/ul>\n<p>[\/et_pb_text][\/et_pb_column][\/et_pb_row][et_pb_row _builder_version=&#8221;4.19.2&#8243; _module_preset=&#8221;default&#8221; global_colors_info=&#8221;{}&#8221;][et_pb_column type=&#8221;4_4&#8243; _builder_version=&#8221;4.19.2&#8243; _module_preset=&#8221;default&#8221; global_colors_info=&#8221;{}&#8221;][et_pb_text _builder_version=&#8221;4.24.2&#8243; _module_preset=&#8221;default&#8221; global_colors_info=&#8221;{}&#8221;]<\/p>\n<h4 style=\"text-align: center;\"><span style=\"color: #000000;\"><strong>Requisitos Obligatorios<\/strong><\/span><\/h4>\n<ul>\n<li style=\"text-align: justify;\"><span style=\"color: #000000;\">Presentar formato de solicitud, llenado de forma clara y correcta.<\/span><\/li>\n<li style=\"text-align: justify;\"><span style=\"color: #000000;\">Ser persona en vulnerabilidad social o pertenecer a familia con un m\u00ednimo de 3 integrantes entre los que se encuentre una o un menor de cinco a\u00f1os, adolescentes, mujeres embarazadas y\/o persona mayor de 60 a\u00f1os.<\/span><\/li>\n<li style=\"text-align: justify;\"><span style=\"color: #000000;\">Comprometerse a participar en las sesiones de informaci\u00f3n, educaci\u00f3n u orientaci\u00f3n alimentaria.<\/span><\/li>\n<li style=\"text-align: justify;\"><span style=\"color: #000000;\">Comprometerse a participar en acciones de corresponsabilidad social.<\/span><\/li>\n<\/ul>\n<p>&nbsp;<\/p>\n<p style=\"text-align: center;\"><strong><span style=\"color: #000000;\">Cobertura.<\/span><\/strong><\/p>\n<ul>\n<li><span style=\"color: #000000;\">Espacios Alimentarios, Comedores Comunitarios y\/o Centros de Desarrollo Comunitarios, en colonias de localidades urbanas de los municipios de Campeche, Carmen, Champot\u00f3n y Esc\u00e1rcega.<\/span><\/li>\n<\/ul>\n<p>[\/et_pb_text][et_pb_text _builder_version=&#8221;4.24.2&#8243; _module_preset=&#8221;default&#8221; global_colors_info=&#8221;{}&#8221;]<\/p>\n<p><strong>Documentaci\u00f3n Necesaria<\/strong><br \/>I. Solicitud completa firmada por el tutor o tutora de la familia.<br \/>II. CURP del tutor o tutora de la familia<br \/>III. Carta compromiso de Corresponsabilidad Social firmada por el tutor o tutora de la familia.<br \/>IV. Copia de identificaci\u00f3n oficial del tutor o tutora de la familia. En caso de no contar con alguna identificaci\u00f3n por ser poblaci\u00f3n migrante y\/o persona<\/p>\n<p><span style=\"text-decoration: underline;\"><strong><em>Toda esta documentaci\u00f3n deber\u00e1 ser presentada ante la &#8220;Direcci\u00f3n de Ventanilla \u00danica de los Programas Sociales de la Secretar\u00eda de Bienestar&#8221;.<\/em><\/strong><\/span><\/p>\n<p>[\/et_pb_text][\/et_pb_column][\/et_pb_row][et_pb_row column_structure=&#8221;1_2,1_2&#8243; disabled_on=&#8221;on|on|on&#8221; _builder_version=&#8221;4.24.2&#8243; _module_preset=&#8221;default&#8221; disabled=&#8221;on&#8221; global_colors_info=&#8221;{}&#8221;][et_pb_column type=&#8221;1_2&#8243; _builder_version=&#8221;4.24.2&#8243; _module_preset=&#8221;default&#8221; global_colors_info=&#8221;{}&#8221;][et_pb_image src=&#8221;https:\/\/bienestar.campeche.gob.mx\/wp-content\/uploads\/DSC04659-scaled.jpg&#8221; title_text=&#8221;DSC04659&#8243; _builder_version=&#8221;4.24.2&#8243; _module_preset=&#8221;default&#8221; global_colors_info=&#8221;{}&#8221;][\/et_pb_image][\/et_pb_column][et_pb_column type=&#8221;1_2&#8243; _builder_version=&#8221;4.24.2&#8243; _module_preset=&#8221;default&#8221; global_colors_info=&#8221;{}&#8221;][et_pb_image src=&#8221;https:\/\/bienestar.campeche.gob.mx\/wp-content\/uploads\/DSC04504-scaled.jpg&#8221; title_text=&#8221;DSC04504&#8243; _builder_version=&#8221;4.24.2&#8243; _module_preset=&#8221;default&#8221; global_colors_info=&#8221;{}&#8221;][\/et_pb_image][\/et_pb_column][\/et_pb_row][et_pb_row column_structure=&#8221;1_5,1_5,1_5,1_5,1_5&#8243; _builder_version=&#8221;4.19.2&#8243; _module_preset=&#8221;default&#8221; global_colors_info=&#8221;{}&#8221;][et_pb_column type=&#8221;1_5&#8243; _builder_version=&#8221;4.19.2&#8243; _module_preset=&#8221;default&#8221; global_colors_info=&#8221;{}&#8221;][et_pb_image src=&#8221;https:\/\/bienestar.campeche.gob.mx\/wp-content\/uploads\/imaa.png&#8221; title_text=&#8221;imaa&#8221; _builder_version=&#8221;4.19.2&#8243; _module_preset=&#8221;default&#8221; width=&#8221;50%&#8221; global_colors_info=&#8221;{}&#8221;][\/et_pb_image][\/et_pb_column][et_pb_column type=&#8221;1_5&#8243; _builder_version=&#8221;4.19.2&#8243; _module_preset=&#8221;default&#8221; global_colors_info=&#8221;{}&#8221;][et_pb_image src=&#8221;https:\/\/bienestar.campeche.gob.mx\/wp-content\/uploads\/bienestar-1.png&#8221; title_text=&#8221;bienestar&#8221; align=&#8221;center&#8221; _builder_version=&#8221;4.19.2&#8243; _module_preset=&#8221;default&#8221; transform_translate=&#8221;0px|20px&#8221; transform_translate_linked=&#8221;off&#8221; global_colors_info=&#8221;{}&#8221;][\/et_pb_image][\/et_pb_column][et_pb_column type=&#8221;1_5&#8243; _builder_version=&#8221;4.19.2&#8243; _module_preset=&#8221;default&#8221; global_colors_info=&#8221;{}&#8221;][et_pb_image src=&#8221;https:\/\/bienestar.campeche.gob.mx\/wp-content\/uploads\/SALUD-HORIZONTAL.png&#8221; title_text=&#8221;SALUD-HORIZONTAL&#8221; align=&#8221;center&#8221; _builder_version=&#8221;4.19.2&#8243; _module_preset=&#8221;default&#8221; transform_translate=&#8221;0px|20px&#8221; transform_translate_linked=&#8221;off&#8221; global_colors_info=&#8221;{}&#8221;][\/et_pb_image][\/et_pb_column][et_pb_column type=&#8221;1_5&#8243; _builder_version=&#8221;4.19.2&#8243; _module_preset=&#8221;default&#8221; global_colors_info=&#8221;{}&#8221;][et_pb_image src=&#8221;https:\/\/bienestar.campeche.gob.mx\/wp-content\/uploads\/DIF.png&#8221; title_text=&#8221;DIF&#8221; align=&#8221;center&#8221; _builder_version=&#8221;4.19.2&#8243; _module_preset=&#8221;default&#8221; transform_translate=&#8221;0px|16px&#8221; transform_translate_linked=&#8221;off&#8221; width=&#8221;80%&#8221; global_colors_info=&#8221;{}&#8221;][\/et_pb_image][\/et_pb_column][et_pb_column type=&#8221;1_5&#8243; _builder_version=&#8221;4.19.2&#8243; _module_preset=&#8221;default&#8221; global_colors_info=&#8221;{}&#8221;][et_pb_image src=&#8221;https:\/\/bienestar.campeche.gob.mx\/wp-content\/uploads\/sein.png&#8221; title_text=&#8221;sein&#8221; align=&#8221;center&#8221; _builder_version=&#8221;4.19.2&#8243; _module_preset=&#8221;default&#8221; transform_translate=&#8221;0px|20px&#8221; transform_translate_linked=&#8221;off&#8221; global_colors_info=&#8221;{}&#8221;][\/et_pb_image][\/et_pb_column][\/et_pb_row][\/et_pb_section]<\/p>\n","protected":false},"excerpt":{"rendered":"<p>Objetivo General Contribuir al ejercicio del derecho a la alimentaci\u00f3n de personas y familias de localidades urbanas de Champot\u00f3n, Esc\u00e1rcega, Carmen y Campeche en condici\u00f3n de vulnerabilidad social, econ\u00f3mica e inseguridad alimentaria leve y\/o moderada, a trav\u00e9s de la entrega de alimentos, acciones de orientaci\u00f3n alimentaria y vigilancia nutricional.Cobertura El proyecto \u201cSeguridad Alimentaria\u201d tiene una [&hellip;]<\/p>\n","protected":false},"author":1,"featured_media":0,"parent":0,"menu_order":0,"comment_status":"closed","ping_status":"closed","template":"","meta":{"_acf_changed":false,"_et_pb_use_builder":"on","_et_pb_old_content":"","_et_gb_content_width":"","inline_featured_image":false,"footnotes":""},"acf":[],"_links":{"self":[{"href":"https:\/\/bienestar.campeche.gob.mx\/index.php?rest_route=\/wp\/v2\/pages\/2061"}],"collection":[{"href":"https:\/\/bienestar.campeche.gob.mx\/index.php?rest_route=\/wp\/v2\/pages"}],"about":[{"href":"https:\/\/bienestar.campeche.gob.mx\/index.php?rest_route=\/wp\/v2\/types\/page"}],"author":[{"embeddable":true,"href":"https:\/\/bienestar.campeche.gob.mx\/index.php?rest_route=\/wp\/v2\/users\/1"}],"replies":[{"embeddable":true,"href":"https:\/\/bienestar.campeche.gob.mx\/index.php?rest_route=%2Fwp%2Fv2%2Fcomments&post=2061"}],"version-history":[{"count":12,"href":"https:\/\/bienestar.campeche.gob.mx\/index.php?rest_route=\/wp\/v2\/pages\/2061\/revisions"}],"predecessor-version":[{"id":2633,"href":"https:\/\/bienestar.campeche.gob.mx\/index.php?rest_route=\/wp\/v2\/pages\/2061\/revisions\/2633"}],"wp:attachment":[{"href":"https:\/\/bienestar.campeche.gob.mx\/index.php?rest_route=%2Fwp%2Fv2%2Fmedia&parent=2061"}],"curies":[{"name":"wp","href":"https:\/\/api.w.org\/{rel}","templated":true}]}}