{"id":1942,"date":"2024-02-20T12:07:15","date_gmt":"2024-02-20T18:07:15","guid":{"rendered":"https:\/\/bienestar.campeche.gob.mx\/?page_id=1942"},"modified":"2024-07-15T16:04:35","modified_gmt":"2024-07-15T22:04:35","slug":"territorio_jaguar","status":"publish","type":"page","link":"https:\/\/bienestar.campeche.gob.mx\/?page_id=1942","title":{"rendered":"Territorio Jaguar"},"content":{"rendered":"<p>[et_pb_section fb_built=&#8221;1&#8243; _builder_version=&#8221;4.19.2&#8243; _module_preset=&#8221;default&#8221; background_image=&#8221;https:\/\/bienestar.campeche.gob.mx\/wp-content\/uploads\/JAGUAROJO.png&#8221; min_height=&#8221;479.6px&#8221; custom_margin=&#8221;||-55px|||&#8221; global_colors_info=&#8221;{}&#8221;][et_pb_row _builder_version=&#8221;4.19.2&#8243; _module_preset=&#8221;default&#8221; global_colors_info=&#8221;{}&#8221;][et_pb_column type=&#8221;4_4&#8243; _builder_version=&#8221;4.19.2&#8243; _module_preset=&#8221;default&#8221; global_colors_info=&#8221;{}&#8221;][et_pb_image src=&#8221;https:\/\/bienestar.campeche.gob.mx\/wp-content\/uploads\/Sin-titulo-1.png&#8221; title_text=&#8221;Sin t\u00edtulo-1&#8243; align=&#8221;center&#8221; _builder_version=&#8221;4.19.2&#8243; _module_preset=&#8221;default&#8221; transform_translate=&#8221;6px|78px&#8221; global_colors_info=&#8221;{}&#8221;][\/et_pb_image][\/et_pb_column][\/et_pb_row][\/et_pb_section][et_pb_section fb_built=&#8221;1&#8243; specialty=&#8221;on&#8221; _builder_version=&#8221;4.19.2&#8243; _module_preset=&#8221;default&#8221; global_colors_info=&#8221;{}&#8221;][et_pb_column type=&#8221;1_3&#8243; _builder_version=&#8221;4.16&#8243; custom_padding=&#8221;|||&#8221; global_colors_info=&#8221;{}&#8221; custom_padding__hover=&#8221;|||&#8221;][et_pb_image src=&#8221;https:\/\/bienestar.campeche.gob.mx\/wp-content\/uploads\/JAGUARCOMPLETO.png&#8221; title_text=&#8221;JAGUARCOMPLETO&#8221; _builder_version=&#8221;4.19.2&#8243; _module_preset=&#8221;default&#8221; transform_scale=&#8221;138%|138%&#8221; transform_translate=&#8221;-2px|39px&#8221; global_colors_info=&#8221;{}&#8221;][\/et_pb_image][\/et_pb_column][et_pb_column type=&#8221;2_3&#8243; specialty_columns=&#8221;2&#8243; _builder_version=&#8221;4.16&#8243; custom_padding=&#8221;|||&#8221; global_colors_info=&#8221;{}&#8221; custom_padding__hover=&#8221;|||&#8221;][et_pb_row_inner _builder_version=&#8221;4.19.2&#8243; _module_preset=&#8221;default&#8221; global_colors_info=&#8221;{}&#8221;][et_pb_column_inner saved_specialty_column_type=&#8221;2_3&#8243; _builder_version=&#8221;4.19.2&#8243; _module_preset=&#8221;default&#8221; global_colors_info=&#8221;{}&#8221;][et_pb_image src=&#8221;https:\/\/bienestar.campeche.gob.mx\/wp-content\/uploads\/TerritorioJaguar.png&#8221; title_text=&#8221;TerritorioJaguar&#8221; align=&#8221;center&#8221; _builder_version=&#8221;4.19.2&#8243; _module_preset=&#8221;default&#8221; global_colors_info=&#8221;{}&#8221;][\/et_pb_image][\/et_pb_column_inner][\/et_pb_row_inner][et_pb_row_inner _builder_version=&#8221;4.19.2&#8243; _module_preset=&#8221;default&#8221; custom_padding=&#8221;0px|||||&#8221; global_colors_info=&#8221;{}&#8221;][et_pb_column_inner saved_specialty_column_type=&#8221;2_3&#8243; _builder_version=&#8221;4.19.2&#8243; _module_preset=&#8221;default&#8221; global_colors_info=&#8221;{}&#8221;][et_pb_text _builder_version=&#8221;4.19.2&#8243; _module_preset=&#8221;default&#8221; global_colors_info=&#8221;{}&#8221;]<\/p>\n<p>Considerando que conforme al Art\u00edculo 35 de la Ley Org\u00e1nica de la Administraci\u00f3n P\u00fablica del Estado de Campeche, compete a la Secretar\u00eda de Bienestar, el formular y conducir la pol\u00edtica Estatal para superar la pobreza, la marginaci\u00f3n y mejorar los \u00edndices de desarrollo humano, conforme a lo establecido en el Plan Estatal de Desarrollo 2021-2027, y en cumplimiento de lo anterior el Gobierno del Estado de Campeche, a trave\u0301s de la Secretari\u0301a de Bienestar en el marco de su <strong>PROGRAMA: \u201cTERRITORIO JAGUAR\u201d<\/strong> emite la siguiente:<\/p>\n<p style=\"text-align: center;\"><span style=\"font-size: large;\"><strong>CONVOCATORIA<\/strong><\/span><\/p>\n<p style=\"text-align: left;\">Dirigido a personas mayores de 18 an\u0303os con perfiles que tengan habilidades como, coordinacio\u0301n de grupos de trabajo, atencio\u0301n ciudadana, experiencia en actividades comunitarias, sociales, deportivas, culturales, de proteccio\u0301n al medio ambiente, asi\u0301 como de derechos humanos, igualdad sustantiva y\/o experiencia en actividades de territorio y campo.<\/p>\n<p>[\/et_pb_text][\/et_pb_column_inner][\/et_pb_row_inner][\/et_pb_column][\/et_pb_section][et_pb_section fb_built=&#8221;1&#8243; _builder_version=&#8221;4.19.2&#8243; _module_preset=&#8221;default&#8221; global_colors_info=&#8221;{}&#8221;][et_pb_row column_structure=&#8221;1_2,1_2&#8243; _builder_version=&#8221;4.19.2&#8243; _module_preset=&#8221;default&#8221; global_colors_info=&#8221;{}&#8221;][et_pb_column type=&#8221;1_2&#8243; _builder_version=&#8221;4.19.2&#8243; _module_preset=&#8221;default&#8221; global_colors_info=&#8221;{}&#8221;][et_pb_image src=&#8221;https:\/\/bienestar.campeche.gob.mx\/wp-content\/uploads\/CONV_TERRITORIO_JAGUAR_V01_Pagina_1.png&#8221; title_text=&#8221;CONV_TERRITORIO_JAGUAR_V01_P\u00e1gina_1&#8243; _builder_version=&#8221;4.19.2&#8243; _module_preset=&#8221;default&#8221; global_colors_info=&#8221;{}&#8221;][\/et_pb_image][\/et_pb_column][et_pb_column type=&#8221;1_2&#8243; _builder_version=&#8221;4.19.2&#8243; _module_preset=&#8221;default&#8221; global_colors_info=&#8221;{}&#8221;][et_pb_image src=&#8221;https:\/\/bienestar.campeche.gob.mx\/wp-content\/uploads\/CONV_TERRITORIO_JAGUAR_V01_Pagina_2.png&#8221; title_text=&#8221;CONV_TERRITORIO_JAGUAR_V01_P\u00e1gina_2&#8243; _builder_version=&#8221;4.19.2&#8243; _module_preset=&#8221;default&#8221; global_colors_info=&#8221;{}&#8221;][\/et_pb_image][\/et_pb_column][\/et_pb_row][et_pb_row column_structure=&#8221;1_2,1_2&#8243; _builder_version=&#8221;4.19.2&#8243; _module_preset=&#8221;default&#8221; global_colors_info=&#8221;{}&#8221;][et_pb_column type=&#8221;1_2&#8243; _builder_version=&#8221;4.19.2&#8243; _module_preset=&#8221;default&#8221; global_colors_info=&#8221;{}&#8221;][et_pb_image src=&#8221;https:\/\/bienestar.campeche.gob.mx\/wp-content\/uploads\/Imagen2.png&#8221; title_text=&#8221;Imagen2&#8243; align=&#8221;center&#8221; _builder_version=&#8221;4.19.2&#8243; _module_preset=&#8221;default&#8221; width=&#8221;28%&#8221; max_width=&#8221;28%&#8221; global_colors_info=&#8221;{}&#8221;][\/et_pb_image][\/et_pb_column][et_pb_column type=&#8221;1_2&#8243; _builder_version=&#8221;4.19.2&#8243; _module_preset=&#8221;default&#8221; global_colors_info=&#8221;{}&#8221;][et_pb_text _builder_version=&#8221;4.19.2&#8243; _module_preset=&#8221;default&#8221; transform_translate=&#8221;0px|27px&#8221; global_colors_info=&#8221;{}&#8221;]<\/p>\n<p>Para leer la convocatoria y guardala en tu dispositivo da clic en el bot\u00f3n rojo<\/p>\n<p>[\/et_pb_text][et_pb_button button_url=&#8221;https:\/\/bienestar.campeche.gob.mx\/wp-content\/uploads\/CONV_TERRITORIO_JAGUAR_V01.pdf&#8221; url_new_window=&#8221;on&#8221; button_text=&#8221;Convocatoria&#8221; button_alignment=&#8221;center&#8221; _builder_version=&#8221;4.19.2&#8243; _module_preset=&#8221;default&#8221; custom_button=&#8221;on&#8221; button_text_color=&#8221;#FFFFFF&#8221; button_bg_image=&#8221;https:\/\/bienestar.campeche.gob.mx\/wp-content\/uploads\/JAGUAROJO.png&#8221; button_border_width=&#8221;0px&#8221; button_border_radius=&#8221;5px&#8221; button_letter_spacing=&#8221;7px&#8221; transform_translate=&#8221;6px|11px&#8221; animation_style=&#8221;fade&#8221; button_text_shadow_style=&#8221;preset1&#8243; box_shadow_style=&#8221;preset7&#8243; global_colors_info=&#8221;{}&#8221;][\/et_pb_button][\/et_pb_column][\/et_pb_row][\/et_pb_section]<\/p>\n","protected":false},"excerpt":{"rendered":"<p>Considerando que conforme al Art\u00edculo 35 de la Ley Org\u00e1nica de la Administraci\u00f3n P\u00fablica del Estado de Campeche, compete a la Secretar\u00eda de Bienestar, el formular y conducir la pol\u00edtica Estatal para superar la pobreza, la marginaci\u00f3n y mejorar los \u00edndices de desarrollo humano, conforme a lo establecido en el Plan Estatal de Desarrollo 2021-2027, [&hellip;]<\/p>\n","protected":false},"author":1,"featured_media":0,"parent":0,"menu_order":0,"comment_status":"closed","ping_status":"closed","template":"","meta":{"_acf_changed":false,"_et_pb_use_builder":"on","_et_pb_old_content":"","_et_gb_content_width":"","inline_featured_image":false,"footnotes":""},"acf":[],"_links":{"self":[{"href":"https:\/\/bienestar.campeche.gob.mx\/index.php?rest_route=\/wp\/v2\/pages\/1942"}],"collection":[{"href":"https:\/\/bienestar.campeche.gob.mx\/index.php?rest_route=\/wp\/v2\/pages"}],"about":[{"href":"https:\/\/bienestar.campeche.gob.mx\/index.php?rest_route=\/wp\/v2\/types\/page"}],"author":[{"embeddable":true,"href":"https:\/\/bienestar.campeche.gob.mx\/index.php?rest_route=\/wp\/v2\/users\/1"}],"replies":[{"embeddable":true,"href":"https:\/\/bienestar.campeche.gob.mx\/index.php?rest_route=%2Fwp%2Fv2%2Fcomments&post=1942"}],"version-history":[{"count":12,"href":"https:\/\/bienestar.campeche.gob.mx\/index.php?rest_route=\/wp\/v2\/pages\/1942\/revisions"}],"predecessor-version":[{"id":2325,"href":"https:\/\/bienestar.campeche.gob.mx\/index.php?rest_route=\/wp\/v2\/pages\/1942\/revisions\/2325"}],"wp:attachment":[{"href":"https:\/\/bienestar.campeche.gob.mx\/index.php?rest_route=%2Fwp%2Fv2%2Fmedia&parent=1942"}],"curies":[{"name":"wp","href":"https:\/\/api.w.org\/{rel}","templated":true}]}}