{"id":1797,"date":"2023-10-20T13:01:18","date_gmt":"2023-10-20T19:01:18","guid":{"rendered":"https:\/\/bienestar.campeche.gob.mx\/?page_id=1797"},"modified":"2023-10-20T13:15:45","modified_gmt":"2023-10-20T19:15:45","slug":"familias","status":"publish","type":"page","link":"https:\/\/bienestar.campeche.gob.mx\/?page_id=1797","title":{"rendered":"familias"},"content":{"rendered":"<p>[et_pb_section fb_built=&#8221;1&#8243; admin_label=&#8221;Header&#8221; _builder_version=&#8221;4.16&#8243; _module_preset=&#8221;default&#8221; background_color=&#8221;#f2f8f5&#8243; background_enable_image=&#8221;off&#8221; background_size=&#8221;initial&#8221; background_position=&#8221;center_right&#8221; overflow-x=&#8221;hidden&#8221; overflow-y=&#8221;hidden&#8221; custom_padding=&#8221;||0px||false|false&#8221; locked=&#8221;off&#8221; global_colors_info=&#8221;{}&#8221;][et_pb_row column_structure=&#8221;1_2,1_2&#8243; _builder_version=&#8221;4.16&#8243; _module_preset=&#8221;default&#8221; custom_padding=&#8221;||0px||false|false&#8221; global_colors_info=&#8221;{}&#8221;][et_pb_column type=&#8221;1_2&#8243; _builder_version=&#8221;4.16&#8243; _module_preset=&#8221;default&#8221; custom_padding=&#8221;||40px||false|false&#8221; global_colors_info=&#8221;{}&#8221;][et_pb_text _builder_version=&#8221;4.19.2&#8243; _module_preset=&#8221;default&#8221; header_2_font=&#8221;EB Garamond|600|||||||&#8221; header_2_font_size=&#8221;20px&#8221; global_colors_info=&#8221;{}&#8221;]<\/p>\n<h2 style=\"text-align: center;\">SECRETAR\u00cdA DE DESARROLLO SOCIAL<\/h2>\n<p>[\/et_pb_text][et_pb_divider color=&#8221;#F1BABF&#8221; _builder_version=&#8221;4.16&#8243; _module_preset=&#8221;default&#8221; width=&#8221;70%&#8221; custom_margin=&#8221;||||false|false&#8221; global_colors_info=&#8221;{}&#8221;][\/et_pb_divider][et_pb_image src=&#8221;https:\/\/bienestar.campeche.gob.mx\/wp-content\/uploads\/LOGOS-BIENESTAR-09.png&#8221; title_text=&#8221;LOGOS BIENESTAR-09&#8243; _builder_version=&#8221;4.19.2&#8243; _module_preset=&#8221;default&#8221; global_colors_info=&#8221;{}&#8221;][\/et_pb_image][\/et_pb_column][et_pb_column type=&#8221;1_2&#8243; _builder_version=&#8221;4.16&#8243; _module_preset=&#8221;default&#8221; global_colors_info=&#8221;{}&#8221;][et_pb_image src=&#8221;https:\/\/bienestar.campeche.gob.mx\/wp-content\/uploads\/LOGOS-BIENESTAR-03.png&#8221; title_text=&#8221;LOGOS BIENESTAR-03&#8243; _builder_version=&#8221;4.19.2&#8243; _module_preset=&#8221;default&#8221; custom_margin=&#8221;|-20vw|||false|false&#8221; custom_margin_tablet=&#8221;|0vw|||false|false&#8221; custom_margin_phone=&#8221;&#8221; custom_margin_last_edited=&#8221;on|tablet&#8221; global_colors_info=&#8221;{}&#8221;][\/et_pb_image][\/et_pb_column][\/et_pb_row][\/et_pb_section][et_pb_section fb_built=&#8221;1&#8243; admin_label=&#8221;Services&#8221; _builder_version=&#8221;4.16&#8243; _module_preset=&#8221;default&#8221; custom_padding=&#8221;0px||0px|||&#8221; locked=&#8221;off&#8221; global_colors_info=&#8221;{}&#8221;][et_pb_row column_structure=&#8221;2_3,1_3&#8243; use_custom_gutter=&#8221;on&#8221; gutter_width=&#8221;1&#8243; make_equal=&#8221;on&#8221; _builder_version=&#8221;4.16&#8243; _module_preset=&#8221;default&#8221; custom_margin=&#8221;||||false|false&#8221; custom_margin_last_edited=&#8221;off|desktop&#8221; custom_padding=&#8221;0px||0px||false|false&#8221; global_colors_info=&#8221;{}&#8221;][et_pb_column type=&#8221;2_3&#8243; _builder_version=&#8221;4.16&#8243; _module_preset=&#8221;default&#8221; custom_padding=&#8221;60px||60px||true|false&#8221; custom_padding_tablet=&#8221;0px||0px||false|false&#8221; custom_padding_phone=&#8221;&#8221; custom_padding_last_edited=&#8221;on|desktop&#8221; global_colors_info=&#8221;{}&#8221;][et_pb_text _builder_version=&#8221;4.19.2&#8243; _module_preset=&#8221;default&#8221; header_2_font=&#8221;EB Garamond||||||||&#8221; header_2_font_size=&#8221;48px&#8221; header_2_line_height=&#8221;1.3em&#8221; header_2_font_size_tablet=&#8221;34px&#8221; header_2_font_size_phone=&#8221;22px&#8221; header_2_font_size_last_edited=&#8221;on|phone&#8221; locked=&#8221;off&#8221; global_colors_info=&#8221;{}&#8221;]<\/p>\n<h2>Objetivo<\/h2>\n<p>[\/et_pb_text][et_pb_text _builder_version=&#8221;4.19.2&#8243; _module_preset=&#8221;default&#8221; text_font=&#8221;ABeeZee||||||||&#8221; text_line_height=&#8221;1.8em&#8221; max_width=&#8221;550px&#8221; locked=&#8221;off&#8221; global_colors_info=&#8221;{}&#8221;]<\/p>\n<p style=\"text-align: justify;\">Fortalecer la identidad cultural y formas de vida de las mujeres, que habiten en pueblos y comunidades, que se encuentren preferentemente en zonas con alg\u00fan grado de rezago social y\/o marginaci\u00f3n seg\u00fan el CONEVAL y el CONAPO, a trav\u00e9s de apoyos que contribuyan a su autonom\u00eda econ\u00f3mica y al desarrollo de sus capacidades en materia de seguridad alimentaria.<\/p>\n<p>[\/et_pb_text][\/et_pb_column][et_pb_column type=&#8221;1_3&#8243; _builder_version=&#8221;4.16&#8243; _module_preset=&#8221;default&#8221; background_color=&#8221;#f4f7fa&#8221; custom_padding=&#8221;40px|40px|40px|40px|true|true&#8221; border_width_all=&#8221;1px&#8221; border_color_all=&#8221;#ffffff&#8221; global_colors_info=&#8221;{}&#8221;][et_pb_text _builder_version=&#8221;4.19.2&#8243; _module_preset=&#8221;default&#8221; global_colors_info=&#8221;{}&#8221;]<\/p>\n<ol>\n<li style=\"text-align: justify;\">Fortalecer la identidad cultural y formas de vida de las mujeres en pueblos y comunidades, que se encuentren preferentemente en zonas con alg\u00fan grado de rezago social y\/o marginaci\u00f3n; y,<\/li>\n<li style=\"text-align: justify;\">Contribuir a la autonom\u00eda econ\u00f3mica y al desarrollo de las capacidades alimentarias de las mujeres.<\/li>\n<\/ol>\n<p>[\/et_pb_text][\/et_pb_column][\/et_pb_row][et_pb_row column_structure=&#8221;1_3,1_3,1_3&#8243; use_custom_gutter=&#8221;on&#8221; gutter_width=&#8221;1&#8243; _builder_version=&#8221;4.16&#8243; _module_preset=&#8221;default&#8221; min_height=&#8221;314.4px&#8221; custom_margin=&#8221;||||false|false&#8221; custom_padding=&#8221;0px||0px||false|false&#8221; global_colors_info=&#8221;{}&#8221;][et_pb_column type=&#8221;1_3&#8243; _builder_version=&#8221;4.16&#8243; _module_preset=&#8221;default&#8221; background_color=&#8221;#f2f8f5&#8243; custom_padding=&#8221;40px|40px|40px|40px|false|true&#8221; border_width_all=&#8221;1px&#8221; border_color_all=&#8221;#ffffff&#8221; global_colors_info=&#8221;{}&#8221;][et_pb_blurb title=&#8221;Poblaci\u00f3n Potencial&#8221; image=&#8221;https:\/\/bienestar.campeche.gob.mx\/wp-content\/uploads\/imagen_2023-10-20_125507650.png&#8221; image_icon_width=&#8221;72px&#8221; icon_alignment=&#8221;left&#8221; content_max_width=&#8221;100%&#8221; _builder_version=&#8221;4.19.2&#8243; _module_preset=&#8221;default&#8221; header_font=&#8221;EB Garamond|700|||||||&#8221; header_font_size=&#8221;20px&#8221; body_font=&#8221;ABeeZee||||||||&#8221; body_text_color=&#8221;#6c7087&#8243; body_font_size=&#8221;12px&#8221; min_height=&#8221;272.6px&#8221; border_radii_image=&#8221;on|100px|100px|100px|100px&#8221; image_max_width=&#8221;72px&#8221; locked=&#8221;off&#8221; global_colors_info=&#8221;{}&#8221;]<\/p>\n<p style=\"text-align: justify;\">Mujeres que habiten en pueblos y comunidades reconocidas o localidades rurales, que se encuentren preferentemente en zonas con alg\u00fan grado de rezago social y\/o marginaci\u00f3n seg\u00fan el CONEVAL y el CONAPO.<\/p>\n<p style=\"text-align: justify;\">\n<p>[\/et_pb_blurb][\/et_pb_column][et_pb_column type=&#8221;1_3&#8243; _builder_version=&#8221;4.16&#8243; _module_preset=&#8221;default&#8221; background_color=&#8221;#fce7ec&#8221; custom_padding=&#8221;40px|40px|40px|40px|true|true&#8221; border_width_all=&#8221;1px&#8221; border_color_all=&#8221;#ffffff&#8221; global_colors_info=&#8221;{}&#8221;][et_pb_blurb title=&#8221;Poblacion Objetivo&#8221; image=&#8221;https:\/\/bienestar.campeche.gob.mx\/wp-content\/uploads\/imagen_2023-10-20_125507650.png&#8221; image_icon_width=&#8221;72px&#8221; icon_alignment=&#8221;left&#8221; content_max_width=&#8221;100%&#8221; _builder_version=&#8221;4.19.2&#8243; _module_preset=&#8221;default&#8221; header_font=&#8221;EB Garamond|700|||||||&#8221; header_font_size=&#8221;20px&#8221; body_font=&#8221;ABeeZee||||||||&#8221; body_text_color=&#8221;#6c7087&#8243; body_font_size=&#8221;12px&#8221; border_radii_image=&#8221;on|100px|100px|100px|100px&#8221; image_max_width=&#8221;72px&#8221; locked=&#8221;off&#8221; global_colors_info=&#8221;{}&#8221;]<\/p>\n<p>Mujeres Jefas de familia que habiten en pueblos y comunidades, que se encuentren preferentemente en zonas con alg\u00fan grado de rezago social y\/o marginaci\u00f3n seg\u00fan el CONEVAL y el CONAPO, que pretendan acceder a los apoyos del presente Componente para fortalecer el desarrollo de sus capacidades alimentarias.<\/p>\n<p>[\/et_pb_blurb][\/et_pb_column][et_pb_column type=&#8221;1_3&#8243; _builder_version=&#8221;4.16&#8243; _module_preset=&#8221;default&#8221; background_color=&#8221;#fff2e2&#8243; custom_padding=&#8221;40px|40px|40px|40px|true|true&#8221; border_width_all=&#8221;1px&#8221; border_color_all=&#8221;#ffffff&#8221; global_colors_info=&#8221;{}&#8221;][et_pb_blurb title=&#8221;Beneficiarias&#8221; image=&#8221;https:\/\/bienestar.campeche.gob.mx\/wp-content\/uploads\/imagen_2023-10-20_125507650.png&#8221; image_icon_width=&#8221;72px&#8221; icon_alignment=&#8221;left&#8221; content_max_width=&#8221;100%&#8221; _builder_version=&#8221;4.19.2&#8243; _module_preset=&#8221;default&#8221; header_font=&#8221;EB Garamond|700|||||||&#8221; header_font_size=&#8221;20px&#8221; body_font=&#8221;ABeeZee||||||||&#8221; body_text_color=&#8221;#6c7087&#8243; body_font_size=&#8221;12px&#8221; min_height=&#8221;235.8px&#8221; custom_margin=&#8221;||34px|||&#8221; border_radii_image=&#8221;on|100px|100px|100px|100px&#8221; image_max_width=&#8221;72px&#8221; locked=&#8221;off&#8221; global_colors_info=&#8221;{}&#8221;]<\/p>\n<p>Poblaci\u00f3n Objetivo que cumpla con los requisitos, documentos y criterios de elegibilidad descritos en las presentes Reglas de Operaci\u00f3n y sean seleccionadas por el Comit\u00e9 T\u00e9cnico del Programa.<\/p>\n<p><\/p>\n<p>[\/et_pb_blurb][\/et_pb_column][\/et_pb_row][\/et_pb_section][et_pb_section fb_built=&#8221;1&#8243; _builder_version=&#8221;4.19.2&#8243; _module_preset=&#8221;default&#8221; background_image=&#8221;https:\/\/bienestar.campeche.gob.mx\/wp-content\/uploads\/triangulo-color-copia.png&#8221; background_position=&#8221;top_left&#8221; global_colors_info=&#8221;{}&#8221;][et_pb_row column_structure=&#8221;1_4,3_4&#8243; _builder_version=&#8221;4.19.2&#8243; _module_preset=&#8221;default&#8221; global_colors_info=&#8221;{}&#8221;][et_pb_column type=&#8221;1_4&#8243; _builder_version=&#8221;4.19.2&#8243; _module_preset=&#8221;default&#8221; global_colors_info=&#8221;{}&#8221;][et_pb_image src=&#8221;https:\/\/bienestar.campeche.gob.mx\/wp-content\/uploads\/mono.png&#8221; title_text=&#8221;mono&#8221; _builder_version=&#8221;4.19.2&#8243; _module_preset=&#8221;default&#8221; transform_scale=&#8221;64%|64%&#8221; transform_translate=&#8221;145px|-37px&#8221; global_colors_info=&#8221;{}&#8221;][\/et_pb_image][\/et_pb_column][et_pb_column type=&#8221;3_4&#8243; _builder_version=&#8221;4.19.2&#8243; _module_preset=&#8221;default&#8221; global_colors_info=&#8221;{}&#8221;][et_pb_text _builder_version=&#8221;4.19.2&#8243; _module_preset=&#8221;default&#8221; global_colors_info=&#8221;{}&#8221;]<\/p>\n<p><b>APOYO<\/b><\/p>\n<p>Para el Proyecto <b>\u201cBIENESTAR PARA LA MUJER\u201d,<\/b> Ser\u00e1 la cantidad de hasta $2,000.00 (Son: DOS MIL pesos 00\/100 M.N.) por beneficiaria.<\/p>\n<p>Dicho monto se entregar\u00e1 en una sola ministraci\u00f3n por beneficiaria, que podr\u00e1 ser a trav\u00e9s de efectivo y\/o de un instrumento financiero bancario.<\/p>\n<p>[\/et_pb_text][\/et_pb_column][\/et_pb_row][\/et_pb_section][et_pb_section fb_built=&#8221;1&#8243; admin_label=&#8221;About&#8221; _builder_version=&#8221;4.16&#8243; _module_preset=&#8221;default&#8221; overflow-x=&#8221;hidden&#8221; overflow-y=&#8221;hidden&#8221; locked=&#8221;off&#8221; global_colors_info=&#8221;{}&#8221;][et_pb_row column_structure=&#8221;1_2,1_2&#8243; _builder_version=&#8221;4.16&#8243; _module_preset=&#8221;default&#8221; global_colors_info=&#8221;{}&#8221;][et_pb_column type=&#8221;1_2&#8243; _builder_version=&#8221;4.16&#8243; _module_preset=&#8221;default&#8221; global_colors_info=&#8221;{}&#8221;][et_pb_divider color=&#8221;#F1BABF&#8221; _builder_version=&#8221;4.16&#8243; _module_preset=&#8221;default&#8221; width=&#8221;70%&#8221; locked=&#8221;off&#8221; global_colors_info=&#8221;{}&#8221;][\/et_pb_divider][et_pb_text _builder_version=&#8221;4.19.2&#8243; _module_preset=&#8221;default&#8221; text_font=&#8221;ABeeZee||||||||&#8221; text_line_height=&#8221;2em&#8221; locked=&#8221;off&#8221; global_colors_info=&#8221;{}&#8221;]<\/p>\n<p>Por lo anterior, la Secretar\u00eda de Bienestar del Poder Ejecutivo del Estado, a trav\u00e9s del <b>Programa \u201cBienestar para la Mujer<\/b> se entregan <b>apoyos econ\u00f3micos directos<\/b> que contribuyan a la seguridad alimentaria <b>de las mujeres <\/b>de comunidades en situaci\u00f3n de<b> marginaci\u00f3n,<\/b> promoviendo su desarrollo integral y bienestar.<\/p>\n<p>[\/et_pb_text][\/et_pb_column][et_pb_column type=&#8221;1_2&#8243; _builder_version=&#8221;4.16&#8243; _module_preset=&#8221;default&#8221; global_colors_info=&#8221;{}&#8221;][et_pb_image src=&#8221;https:\/\/bienestar.campeche.gob.mx\/wp-content\/uploads\/mesareg.jpg&#8221; title_text=&#8221;mesareg&#8221; _builder_version=&#8221;4.19.2&#8243; _module_preset=&#8221;default&#8221; custom_margin=&#8221;|-30vw|||false|false&#8221; custom_margin_tablet=&#8221;|0vw|||false|false&#8221; custom_margin_phone=&#8221;&#8221; custom_margin_last_edited=&#8221;on|tablet&#8221; global_colors_info=&#8221;{}&#8221;][\/et_pb_image][\/et_pb_column][\/et_pb_row][\/et_pb_section][et_pb_section fb_built=&#8221;1&#8243; admin_label=&#8221;Footer&#8221; _builder_version=&#8221;4.16&#8243; _module_preset=&#8221;default&#8221; background_color=&#8221;#f4f7fa&#8221; background_image=&#8221;https:\/\/bienestar.campeche.gob.mx\/wp-content\/uploads\/women-health-center-illustration-Footer-02-1.png&#8221; background_position=&#8221;top_center&#8221; custom_padding=&#8221;12vw||12vw||true|false&#8221; locked=&#8221;off&#8221; global_colors_info=&#8221;{}&#8221;][et_pb_row column_structure=&#8221;3_4,1_4&#8243; _builder_version=&#8221;4.19.2&#8243; _module_preset=&#8221;default&#8221; global_colors_info=&#8221;{}&#8221;][et_pb_column type=&#8221;3_4&#8243; _builder_version=&#8221;4.19.2&#8243; _module_preset=&#8221;default&#8221; global_colors_info=&#8221;{}&#8221;][et_pb_gallery gallery_ids=&#8221;1816,1817,1818&#8243; posts_number=&#8221;3&#8243; show_title_and_caption=&#8221;off&#8221; _builder_version=&#8221;4.19.2&#8243; _module_preset=&#8221;default&#8221; hover_enabled=&#8221;0&#8243; global_colors_info=&#8221;{}&#8221; sticky_enabled=&#8221;0&#8243;][\/et_pb_gallery][\/et_pb_column][et_pb_column type=&#8221;1_4&#8243; _builder_version=&#8221;4.19.2&#8243; _module_preset=&#8221;default&#8221; global_colors_info=&#8221;{}&#8221;][et_pb_text _builder_version=&#8221;4.19.2&#8243; _module_preset=&#8221;default&#8221; text_font=&#8221;Times New Roman||||||||&#8221; header_text_align=&#8221;center&#8221; transform_translate=&#8221;4px|56px&#8221; text_orientation=&#8221;center&#8221; global_colors_info=&#8221;{}&#8221;]<\/p>\n<h3 style=\"text-align: center;\"><strong>As\u00ed apoyamos a la mujer Campechana.<\/strong><\/h3>\n<p>[\/et_pb_text][\/et_pb_column][\/et_pb_row][\/et_pb_section]<\/p>\n","protected":false},"excerpt":{"rendered":"<p>SECRETAR\u00cdA DE DESARROLLO SOCIALObjetivoFortalecer la identidad cultural y formas de vida de las mujeres, que habiten en pueblos y comunidades, que se encuentren preferentemente en zonas con alg\u00fan grado de rezago social y\/o marginaci\u00f3n seg\u00fan el CONEVAL y el CONAPO, a trav\u00e9s de apoyos que contribuyan a su autonom\u00eda econ\u00f3mica y al desarrollo de sus [&hellip;]<\/p>\n","protected":false},"author":1,"featured_media":0,"parent":0,"menu_order":0,"comment_status":"closed","ping_status":"closed","template":"","meta":{"_acf_changed":false,"_et_pb_use_builder":"on","_et_pb_old_content":"","_et_gb_content_width":"","inline_featured_image":false,"footnotes":""},"acf":[],"_links":{"self":[{"href":"https:\/\/bienestar.campeche.gob.mx\/index.php?rest_route=\/wp\/v2\/pages\/1797"}],"collection":[{"href":"https:\/\/bienestar.campeche.gob.mx\/index.php?rest_route=\/wp\/v2\/pages"}],"about":[{"href":"https:\/\/bienestar.campeche.gob.mx\/index.php?rest_route=\/wp\/v2\/types\/page"}],"author":[{"embeddable":true,"href":"https:\/\/bienestar.campeche.gob.mx\/index.php?rest_route=\/wp\/v2\/users\/1"}],"replies":[{"embeddable":true,"href":"https:\/\/bienestar.campeche.gob.mx\/index.php?rest_route=%2Fwp%2Fv2%2Fcomments&post=1797"}],"version-history":[{"count":8,"href":"https:\/\/bienestar.campeche.gob.mx\/index.php?rest_route=\/wp\/v2\/pages\/1797\/revisions"}],"predecessor-version":[{"id":1822,"href":"https:\/\/bienestar.campeche.gob.mx\/index.php?rest_route=\/wp\/v2\/pages\/1797\/revisions\/1822"}],"wp:attachment":[{"href":"https:\/\/bienestar.campeche.gob.mx\/index.php?rest_route=%2Fwp%2Fv2%2Fmedia&parent=1797"}],"curies":[{"name":"wp","href":"https:\/\/api.w.org\/{rel}","templated":true}]}}