{"id":1744,"date":"2023-10-18T15:28:08","date_gmt":"2023-10-18T21:28:08","guid":{"rendered":"https:\/\/bienestar.campeche.gob.mx\/?page_id=1744"},"modified":"2023-10-19T11:24:51","modified_gmt":"2023-10-19T17:24:51","slug":"espacios-comunitarios-2","status":"publish","type":"page","link":"https:\/\/bienestar.campeche.gob.mx\/?page_id=1744","title":{"rendered":"Espacios Comunitarios"},"content":{"rendered":"<p>[et_pb_section fb_built=&#8221;1&#8243; admin_label=&#8221;Header&#8221; _builder_version=&#8221;4.19.2&#8243; _module_preset=&#8221;default&#8221; background_color=&#8221;#e9edf4&#8243; background_image=&#8221;https:\/\/bienestar.campeche.gob.mx\/wp-content\/uploads\/espacios-para.png&#8221; background_position=&#8221;bottom_center&#8221; min_height=&#8221;736.6px&#8221; custom_margin=&#8221;||-7px||false|false&#8221; custom_padding=&#8221;8vw||4px||false|false&#8221; background_last_edited=&#8221;on|tablet&#8221; background_size_tablet=&#8221;contain&#8221; background_size_phone=&#8221;contain&#8221; background_position_tablet=&#8221;top_center&#8221; background_position_phone=&#8221;top_right&#8221; locked=&#8221;off&#8221; collapsed=&#8221;on&#8221; global_colors_info=&#8221;{}&#8221;][et_pb_row custom_padding_last_edited=&#8221;on|phone&#8221; _builder_version=&#8221;4.19.2&#8243; _module_preset=&#8221;default&#8221; transform_translate=&#8221;0px|101px&#8221; width=&#8221;90%&#8221; max_width=&#8221;none&#8221; custom_padding=&#8221;|40vw|||false|false&#8221; custom_padding_tablet=&#8221;|30vw|||false|false&#8221; custom_padding_phone=&#8221;|0vw|||false|false&#8221; global_colors_info=&#8221;{}&#8221;][et_pb_column type=&#8221;4_4&#8243; _builder_version=&#8221;4.16&#8243; _module_preset=&#8221;default&#8221; custom_padding=&#8221;||||false|false&#8221; global_colors_info=&#8221;{}&#8221;][et_pb_image src=&#8221;https:\/\/bienestar.campeche.gob.mx\/wp-content\/uploads\/Imagen2.png&#8221; _builder_version=&#8221;4.19.2&#8243; _module_preset=&#8221;default&#8221; title_text=&#8221;Imagen2&#8243; transform_translate=&#8221;361px|-213px&#8221; transform_scale=&#8221;70%|70%&#8221; hover_enabled=&#8221;0&#8243; sticky_enabled=&#8221;0&#8243;][\/et_pb_image][\/et_pb_column][\/et_pb_row][\/et_pb_section][et_pb_section fb_built=&#8221;1&#8243; admin_label=&#8221;Call to Action&#8221; _builder_version=&#8221;4.16&#8243; _module_preset=&#8221;default&#8221; background_color=&#8221;#e9edf4&#8243; min_height=&#8221;681.1px&#8221; custom_margin=&#8221;2px|||||&#8221; custom_padding=&#8221;3px|||||&#8221; collapsed=&#8221;on&#8221; global_colors_info=&#8221;{}&#8221;][et_pb_row custom_padding_last_edited=&#8221;on|phone&#8221; _builder_version=&#8221;4.19.2&#8243; _module_preset=&#8221;default&#8221; background_color=&#8221;#FFFFFF&#8221; background_image=&#8221;https:\/\/bienestar.campeche.gob.mx\/wp-content\/uploads\/post.png&#8221; background_size=&#8221;contain&#8221; custom_margin=&#8221;||||false|false&#8221; custom_padding=&#8221;8%|16%|8%|16%|true|true&#8221; custom_padding_tablet=&#8221;|30px||30px|true|true&#8221; custom_padding_phone=&#8221;|20px||20px|true|true&#8221; box_shadow_style=&#8221;preset3&#8243; box_shadow_vertical=&#8221;10px&#8221; box_shadow_blur=&#8221;30px&#8221; box_shadow_spread=&#8221;-10px&#8221; box_shadow_color=&#8221;rgba(26,32,44,0.2)&#8221; global_colors_info=&#8221;{}&#8221;][et_pb_column type=&#8221;4_4&#8243; _builder_version=&#8221;4.16&#8243; _module_preset=&#8221;default&#8221; global_colors_info=&#8221;{}&#8221;][et_pb_text _builder_version=&#8221;4.19.2&#8243; _module_preset=&#8221;534cc526-6274-4e31-9e1a-7f18a5947bf1&#8243; header_4_font=&#8221;Oswald|500||on|||||&#8221; header_4_text_align=&#8221;center&#8221; header_4_text_color=&#8221;#19924a&#8221; header_4_font_size=&#8221;14px&#8221; header_4_letter_spacing=&#8221;1px&#8221; header_4_line_height=&#8221;1.3em&#8221; custom_margin=&#8221;||0px||false|false&#8221; header_4_font_size_tablet=&#8221;13px&#8221; header_4_font_size_phone=&#8221;11px&#8221; header_4_font_size_last_edited=&#8221;on|tablet&#8221; locked=&#8221;off&#8221; global_colors_info=&#8221;{}&#8221;]<\/p>\n<h4>Lo que se debe saber sobre<\/h4>\n<p>[\/et_pb_text][et_pb_text _builder_version=&#8221;4.19.2&#8243; _module_preset=&#8221;df96b77a-cd4f-44a8-a771-2d6347592b53&#8243; header_2_font=&#8221;Oswald|500||on|||||&#8221; header_2_text_align=&#8221;center&#8221; header_2_text_color=&#8221;#1a202c&#8221; header_2_font_size=&#8221;40px&#8221; header_2_letter_spacing=&#8221;1px&#8221; header_2_line_height=&#8221;1.35em&#8221; header_2_font_size_tablet=&#8221;32px&#8221; header_2_font_size_phone=&#8221;17px&#8221; header_2_font_size_last_edited=&#8221;on|phone&#8221; locked=&#8221;off&#8221; global_colors_info=&#8221;{}&#8221; header_2_letter_spacing__hover_enabled=&#8221;off|hover&#8221;]<\/p>\n<h2>BIENESTAR PARA LOS ESPACIOS COMUNITARIOS<\/h2>\n<p>[\/et_pb_text][et_pb_text _builder_version=&#8221;4.19.2&#8243; _module_preset=&#8221;0bd9fec6-ac32-486c-934f-18d282fbdfb4&#8243; text_font=&#8221;Poppins||||||||&#8221; text_text_color=&#8221;rgba(0,0,0,0.55)&#8221; text_line_height=&#8221;1.8em&#8221; text_orientation=&#8221;center&#8221; module_alignment=&#8221;center&#8221; text_font_size_tablet=&#8221;&#8221; text_font_size_phone=&#8221;12px&#8221; text_font_size_last_edited=&#8221;on|phone&#8221; header_font_size_tablet=&#8221;55px&#8221; header_font_size_last_edited=&#8221;off|desktop&#8221; locked=&#8221;off&#8221; global_colors_info=&#8221;{}&#8221;]<\/p>\n<p style=\"text-align: justify;\">El Programa apoya con acciones orientadas a atender a las carencias relacionadas con el equipamiento de los Espacios Comunitarios, promoviendo el fortalecimiento de los Espacios Comunitarios, tales como los <b>Espacios de Alojamiento, Casas Hogares, Comedores Comunitarios, Centros de Alimentaci\u00f3n, Centros de Desarrollo Comunitarios, Albergues y los espacios comunitarios que el Comit\u00e9 T\u00e9cnico del Programa decida apoyar<\/b>; en beneficio de las personas inscritas que hacen uso del mismo, brindando prioridad aquellos espacios que se encuentren en localidades urbanas y rurales, pueblos afromexicanos y comunidades ind\u00edgenas, preferentemente de muy alta y alta marginaci\u00f3n o en ZAP.<\/p>\n<p>[\/et_pb_text][et_pb_text _builder_version=&#8221;4.19.2&#8243; _module_preset=&#8221;default&#8221; global_colors_info=&#8221;{}&#8221;]<\/p>\n<p>Your content goes here. Edit or remove this text inline or in the module Content settings. You can also style every aspect of this content in the module Design settings and even apply custom CSS to this text in the module Advanced settings.<\/p>\n<p>[\/et_pb_text][\/et_pb_column][\/et_pb_row][et_pb_row _builder_version=&#8221;4.19.2&#8243; _module_preset=&#8221;default&#8221; column_structure=&#8221;1_3,1_3,1_3&#8243; background_color=&#8221;RGBA(255,255,255,0)&#8221; title_text=&#8221;A91clbwri_qdn67g_byg&#8221; transform_translate=&#8221;0px|32px&#8221; module_alignment=&#8221;center&#8221; background_blend=&#8221;color&#8221; background_enable_image=&#8221;off&#8221; hover_enabled=&#8221;0&#8243; sticky_enabled=&#8221;0&#8243;][et_pb_column _builder_version=&#8221;4.19.2&#8243; _module_preset=&#8221;default&#8221; type=&#8221;1_3&#8243;][et_pb_text _builder_version=&#8221;4.19.2&#8243; _module_preset=&#8221;default&#8221; hover_enabled=&#8221;0&#8243; sticky_enabled=&#8221;0&#8243;]<\/p>\n<h3><strong>Objetivo General<\/strong><\/h3>\n<p style=\"text-align: justify;\">Promover acciones que contribuyan al bienestar de los Espacios Comunitarios, a trav\u00e9s de apoyos relacionados con el equipamiento, que favorezcan el mejoramiento de los servicios que ofrecen, los procesos de convivencia comunitaria, a trav\u00e9s de infraestructura y equipo funcional para la promoci\u00f3n de valores, tradiciones y coadyuvar a la disminuci\u00f3n de la inseguridad alimentaria.<\/p>\n<p>[\/et_pb_text][\/et_pb_column][et_pb_column _builder_version=&#8221;4.19.2&#8243; _module_preset=&#8221;default&#8221; type=&#8221;1_3&#8243;][et_pb_text _builder_version=&#8221;4.19.2&#8243; _module_preset=&#8221;default&#8221; hover_enabled=&#8221;0&#8243; sticky_enabled=&#8221;0&#8243;]<\/p>\n<h3><strong>Cobertura<\/strong><\/h3>\n<p style=\"text-align: justify;\">Las acciones y los beneficios est\u00e1n dirigidos a localidades del Estado de Campeche, preferentemente, que tengan de 50 y m\u00e1s habitantes, con alg\u00fan grado de marginaci\u00f3n, dando prioridad aquellas de alto y muy alto grado de marginaci\u00f3n definido por el Consejo Nacional de Poblaci\u00f3n; as\u00ed como las ZAP, adem\u00e1s que incluye la atenci\u00f3n a los Pueblos y Comunidades Ind\u00edgenas, afromexicano en el Estado.<\/p>\n<p>[\/et_pb_text][\/et_pb_column][et_pb_column _builder_version=&#8221;4.19.2&#8243; _module_preset=&#8221;default&#8221; type=&#8221;1_3&#8243;][et_pb_text _builder_version=&#8221;4.19.2&#8243; _module_preset=&#8221;default&#8221; hover_enabled=&#8221;0&#8243; sticky_enabled=&#8221;0&#8243;]<\/p>\n<h3><strong>Poblaci\u00f3n Objetivo<\/strong><\/h3>\n<p style=\"text-align: justify;\">Los Espacios Comunitarios, las personas que hacen uso de los mismos que habiten en localidades urbanas y rurales, pueblos afromexicanos y comunidades ind\u00edgenas, preferentemente de muy alta y alta marginaci\u00f3n o en ZAP, que asistan a alg\u00fan espacio comunitario y que tengan necesidades de fortalecer los Espacios Comunitarios que se encuentren en situaci\u00f3n precaria. El Programa no realizar\u00e1 acciones en zonas donde existan asentamientos irregulares ni en zonas de alto riesgo, salvo que el Comit\u00e9 T\u00e9cnico determine lo conducente.<\/p>\n<p>[\/et_pb_text][\/et_pb_column][\/et_pb_row][et_pb_row _builder_version=&#8221;4.19.2&#8243; _module_preset=&#8221;default&#8221; global_colors_info=&#8221;{}&#8221;][et_pb_column type=&#8221;4_4&#8243; _builder_version=&#8221;4.19.2&#8243; _module_preset=&#8221;default&#8221; global_colors_info=&#8221;{}&#8221;][et_pb_text _builder_version=&#8221;4.19.2&#8243; _module_preset=&#8221;df96b77a-cd4f-44a8-a771-2d6347592b53&#8243; header_2_font=&#8221;Oswald|500||on|||||&#8221; header_2_text_align=&#8221;center&#8221; header_2_text_color=&#8221;#1a202c&#8221; header_2_font_size=&#8221;40px&#8221; header_2_letter_spacing=&#8221;1px&#8221; header_2_line_height=&#8221;1.35em&#8221; header_2_font_size_tablet=&#8221;32px&#8221; header_2_font_size_phone=&#8221;17px&#8221; header_2_font_size_last_edited=&#8221;on|phone&#8221; locked=&#8221;off&#8221; global_colors_info=&#8221;{}&#8221; header_2_letter_spacing__hover_enabled=&#8221;off|hover&#8221;]<\/p>\n<h2>aREAS QUE SE PUEDEN EQUIPAR<\/h2>\n<p>[\/et_pb_text][\/et_pb_column][\/et_pb_row][\/et_pb_section][et_pb_section fb_built=&#8221;1&#8243; admin_label=&#8221;Feature&#8221; _builder_version=&#8221;4.19.2&#8243; _module_preset=&#8221;default&#8221; background_color=&#8221;#e9edf4&#8243; background_image=&#8221;https:\/\/bienestar.campeche.gob.mx\/wp-content\/uploads\/triangulo-color-copia.png&#8221; background_size=&#8221;contain&#8221; background_position=&#8221;top_left&#8221; background_last_edited=&#8221;on|tablet&#8221; background_enable_image_tablet=&#8221;off&#8221; locked=&#8221;off&#8221; global_colors_info=&#8221;{}&#8221; custom_padding=&#8221;||125px|||&#8221; custom_margin=&#8221;-51px|||||&#8221; min_height=&#8221;1412.2px&#8221;][et_pb_row column_structure=&#8221;1_2,1_2&#8243; custom_padding_last_edited=&#8221;on|tablet&#8221; _builder_version=&#8221;4.19.2&#8243; _module_preset=&#8221;default&#8221; transform_translate=&#8221;154px|0px&#8221; max_width=&#8221;700px&#8221; module_alignment=&#8221;center&#8221; custom_margin=&#8221;|575px||auto||&#8221; custom_padding=&#8221;|||5%|false|false&#8221; custom_padding_tablet=&#8221;|||0%|false|false&#8221; custom_padding_phone=&#8221;&#8221; hover_enabled=&#8221;0&#8243; box_shadow_style=&#8221;preset2&#8243; global_colors_info=&#8221;{}&#8221; sticky_enabled=&#8221;0&#8243;][et_pb_column type=&#8221;1_2&#8243; _builder_version=&#8221;4.16&#8243; _module_preset=&#8221;default&#8221; global_colors_info=&#8221;{}&#8221;][et_pb_text _builder_version=&#8221;4.16&#8243; _module_preset=&#8221;df96b77a-cd4f-44a8-a771-2d6347592b53&#8243; header_2_font=&#8221;Oswald|500||on|||||&#8221; header_2_text_color=&#8221;#1a202c&#8221; header_2_font_size=&#8221;40px&#8221; header_2_letter_spacing=&#8221;1px&#8221; header_2_line_height=&#8221;1.35em&#8221; header_2_font_size_tablet=&#8221;32px&#8221; header_2_font_size_phone=&#8221;17px&#8221; header_2_font_size_last_edited=&#8221;on|phone&#8221; locked=&#8221;off&#8221; global_colors_info=&#8221;{}&#8221; header_2_letter_spacing__hover_enabled=&#8221;off|hover&#8221;]<\/p>\n<h2>Albergues<\/h2>\n<p>[\/et_pb_text][et_pb_text _builder_version=&#8221;4.19.2&#8243; _module_preset=&#8221;5ff55506-da7d-4dd7-b409-9d62c7203201&#8243; text_font=&#8221;Poppins||||||||&#8221; text_text_color=&#8221;rgba(0,0,0,0.55)&#8221; text_font_size=&#8221;16px&#8221; text_line_height=&#8221;1.8em&#8221; text_font_size_tablet=&#8221;15px&#8221; text_font_size_phone=&#8221;14px&#8221; text_font_size_last_edited=&#8221;on|phone&#8221; header_font_size_tablet=&#8221;55px&#8221; header_font_size_last_edited=&#8221;off|desktop&#8221; locked=&#8221;off&#8221; global_colors_info=&#8221;{}&#8221;]<\/p>\n<p>1.<b>Dormitorios<br \/><\/b>2.<b>Comedor<br \/><\/b>3.<b>Cocina<br \/><\/b>4.<b>Almac\u00e9n<br \/><\/b>5.<b>Sala de usos m\u00faltiples<br \/><\/b>6.<b>Cuarto de lavado de ropa<br \/><\/b>7.<b>Exteriores<\/b><\/p>\n<p>[\/et_pb_text][\/et_pb_column][et_pb_column type=&#8221;1_2&#8243; _builder_version=&#8221;4.16&#8243; _module_preset=&#8221;5d3ab172-43f1-4807-9362-75b6f4a25308&#8243; custom_padding=&#8221;|||70px|false|false&#8221; custom_padding_tablet=&#8221;&#8221; custom_padding_phone=&#8221;|||30px|false|false&#8221; custom_padding_last_edited=&#8221;on|phone&#8221; global_colors_info=&#8221;{}&#8221;][et_pb_image src=&#8221;https:\/\/bienestar.campeche.gob.mx\/wp-content\/uploads\/casita.png&#8221; title_text=&#8221;casita&#8221; _builder_version=&#8221;4.19.2&#8243; _module_preset=&#8221;9315762e-f83b-4ce3-b546-d02dac3b6904&#8243; custom_margin=&#8221;||-30px|-70px|false|false&#8221; custom_margin_tablet=&#8221;&#8221; custom_margin_phone=&#8221;||-10px|-30px|false|false&#8221; custom_margin_last_edited=&#8221;on|phone&#8221; border_width_all=&#8221;70px&#8221; border_width_top=&#8221;0px&#8221; border_width_right=&#8221;0px&#8221; border_color_bottom=&#8221;#E9EDF4&#8243; border_color_left=&#8221;#19924A&#8221; border_width_all_tablet=&#8221;&#8221; border_width_all_phone=&#8221;30px&#8221; border_width_all_last_edited=&#8221;on|phone&#8221; global_colors_info=&#8221;{}&#8221;][\/et_pb_image][\/et_pb_column][\/et_pb_row][et_pb_row column_structure=&#8221;1_2,1_2&#8243; custom_padding_last_edited=&#8221;on|tablet&#8221; _builder_version=&#8221;4.19.2&#8243; _module_preset=&#8221;default&#8221; custom_padding=&#8221;|||5%|false|false&#8221; custom_padding_tablet=&#8221;|||0%|false|false&#8221; custom_padding_phone=&#8221;&#8221; hover_enabled=&#8221;0&#8243; locked=&#8221;off&#8221; global_colors_info=&#8221;{}&#8221; max_width=&#8221;700px&#8221; custom_margin=&#8221;|57px|||false|false&#8221; box_shadow_style=&#8221;preset2&#8243; transform_translate=&#8221;-371px|34px&#8221; sticky_enabled=&#8221;0&#8243;][et_pb_column type=&#8221;1_2&#8243; _builder_version=&#8221;4.16&#8243; _module_preset=&#8221;default&#8221; global_colors_info=&#8221;{}&#8221;][et_pb_text _builder_version=&#8221;4.16&#8243; _module_preset=&#8221;df96b77a-cd4f-44a8-a771-2d6347592b53&#8243; header_2_font=&#8221;Oswald|500||on|||||&#8221; header_2_text_color=&#8221;#1a202c&#8221; header_2_font_size=&#8221;40px&#8221; header_2_letter_spacing=&#8221;1px&#8221; header_2_line_height=&#8221;1.35em&#8221; header_2_font_size_tablet=&#8221;32px&#8221; header_2_font_size_phone=&#8221;17px&#8221; header_2_font_size_last_edited=&#8221;on|phone&#8221; locked=&#8221;off&#8221; global_colors_info=&#8221;{}&#8221; header_2_letter_spacing__hover_enabled=&#8221;off|hover&#8221;]<\/p>\n<h2>COMEDORes<\/h2>\n<p>[\/et_pb_text][et_pb_text _builder_version=&#8221;4.19.2&#8243; _module_preset=&#8221;5ff55506-da7d-4dd7-b409-9d62c7203201&#8243; text_font=&#8221;Poppins||||||||&#8221; text_text_color=&#8221;rgba(0,0,0,0.55)&#8221; text_font_size=&#8221;16px&#8221; text_line_height=&#8221;1.8em&#8221; text_font_size_tablet=&#8221;15px&#8221; text_font_size_phone=&#8221;14px&#8221; text_font_size_last_edited=&#8221;on|phone&#8221; header_font_size_tablet=&#8221;55px&#8221; header_font_size_last_edited=&#8221;off|desktop&#8221; locked=&#8221;off&#8221; global_colors_info=&#8221;{}&#8221;]<\/p>\n<p>1.<b>Comedor<br \/><\/b>2.<b>Cocina<br \/><\/b>3.<b>Exteriores<\/b><\/p>\n<p>[\/et_pb_text][\/et_pb_column][et_pb_column type=&#8221;1_2&#8243; _builder_version=&#8221;4.16&#8243; _module_preset=&#8221;5d3ab172-43f1-4807-9362-75b6f4a25308&#8243; custom_padding=&#8221;|||70px|false|false&#8221; custom_padding_tablet=&#8221;&#8221; custom_padding_phone=&#8221;|||30px|false|false&#8221; custom_padding_last_edited=&#8221;on|phone&#8221; global_colors_info=&#8221;{}&#8221;][et_pb_image src=&#8221;https:\/\/bienestar.campeche.gob.mx\/wp-content\/uploads\/comedor.png&#8221; title_text=&#8221;comedor&#8221; _builder_version=&#8221;4.19.2&#8243; _module_preset=&#8221;9315762e-f83b-4ce3-b546-d02dac3b6904&#8243; custom_margin=&#8221;||-30px|-70px|false|false&#8221; custom_margin_tablet=&#8221;&#8221; custom_margin_phone=&#8221;||-10px|-30px|false|false&#8221; custom_margin_last_edited=&#8221;on|phone&#8221; border_width_all=&#8221;70px&#8221; border_width_top=&#8221;0px&#8221; border_width_right=&#8221;0px&#8221; border_color_bottom=&#8221;#E9EDF4&#8243; border_color_left=&#8221;#19924A&#8221; border_width_all_tablet=&#8221;&#8221; border_width_all_phone=&#8221;30px&#8221; border_width_all_last_edited=&#8221;on|phone&#8221; global_colors_info=&#8221;{}&#8221;][\/et_pb_image][\/et_pb_column][\/et_pb_row][et_pb_row column_structure=&#8221;1_2,1_2&#8243; custom_padding_last_edited=&#8221;on|tablet&#8221; _builder_version=&#8221;4.19.2&#8243; _module_preset=&#8221;default&#8221; custom_padding=&#8221;|||5%|false|false&#8221; custom_padding_tablet=&#8221;|||0%|false|false&#8221; custom_padding_phone=&#8221;&#8221; hover_enabled=&#8221;0&#8243; locked=&#8221;off&#8221; global_colors_info=&#8221;{}&#8221; sticky_enabled=&#8221;0&#8243; max_width=&#8221;700px&#8221; custom_margin=&#8221;|575px|||false|false&#8221; box_shadow_style=&#8221;preset2&#8243; transform_translate=&#8221;149px|65px&#8221;][et_pb_column type=&#8221;1_2&#8243; _builder_version=&#8221;4.16&#8243; _module_preset=&#8221;default&#8221; global_colors_info=&#8221;{}&#8221;][et_pb_text _builder_version=&#8221;4.19.2&#8243; _module_preset=&#8221;df96b77a-cd4f-44a8-a771-2d6347592b53&#8243; header_2_font=&#8221;Oswald|500||on|||||&#8221; header_2_text_color=&#8221;#1a202c&#8221; header_2_font_size=&#8221;40px&#8221; header_2_letter_spacing=&#8221;1px&#8221; header_2_line_height=&#8221;1.35em&#8221; hover_enabled=&#8221;0&#8243; header_2_font_size_tablet=&#8221;32px&#8221; header_2_font_size_phone=&#8221;17px&#8221; header_2_font_size_last_edited=&#8221;on|phone&#8221; locked=&#8221;off&#8221; global_colors_info=&#8221;{}&#8221; header_2_letter_spacing__hover_enabled=&#8221;off|hover&#8221; text_font=&#8221;Times New Roman|600|||||||&#8221; header_font=&#8221;Times New Roman||||||||&#8221; sticky_enabled=&#8221;0&#8243; custom_margin=&#8221;|||-39px||&#8221;]<\/p>\n<h2>CENTROS DE DESARROLLO COMUNITARIOS (cdc)<\/h2>\n<p>[\/et_pb_text][et_pb_text _builder_version=&#8221;4.19.2&#8243; _module_preset=&#8221;5ff55506-da7d-4dd7-b409-9d62c7203201&#8243; text_font=&#8221;Poppins||||||||&#8221; text_text_color=&#8221;rgba(0,0,0,0.55)&#8221; text_font_size=&#8221;16px&#8221; text_line_height=&#8221;1.8em&#8221; text_font_size_tablet=&#8221;15px&#8221; text_font_size_phone=&#8221;14px&#8221; text_font_size_last_edited=&#8221;on|phone&#8221; header_font_size_tablet=&#8221;55px&#8221; header_font_size_last_edited=&#8221;off|desktop&#8221; locked=&#8221;off&#8221; global_colors_info=&#8221;{}&#8221;]<\/p>\n<p>1.<b>Dormitorios<br \/><\/b>2.<b>Comedor<br \/><\/b>3.<b>Cocina<br \/><\/b>4.<b>Almac\u00e9n<br \/><\/b>5.<b>Sala de usos m\u00faltiples<br \/><\/b>6.<b>Cuarto de lavado de ropa<br \/><\/b>7.<b>Exteriores<\/b><\/p>\n<p>[\/et_pb_text][\/et_pb_column][et_pb_column type=&#8221;1_2&#8243; _builder_version=&#8221;4.16&#8243; _module_preset=&#8221;5d3ab172-43f1-4807-9362-75b6f4a25308&#8243; custom_padding=&#8221;|||70px|false|false&#8221; custom_padding_tablet=&#8221;&#8221; custom_padding_phone=&#8221;|||30px|false|false&#8221; custom_padding_last_edited=&#8221;on|phone&#8221; global_colors_info=&#8221;{}&#8221;][et_pb_image src=&#8221;https:\/\/bienestar.campeche.gob.mx\/wp-content\/uploads\/casitacorazon.png&#8221; title_text=&#8221;casitacorazon&#8221; _builder_version=&#8221;4.19.2&#8243; _module_preset=&#8221;9315762e-f83b-4ce3-b546-d02dac3b6904&#8243; custom_margin=&#8221;||-30px|-70px|false|false&#8221; custom_margin_tablet=&#8221;&#8221; custom_margin_phone=&#8221;||-10px|-30px|false|false&#8221; custom_margin_last_edited=&#8221;on|phone&#8221; border_width_all=&#8221;70px&#8221; border_width_top=&#8221;0px&#8221; border_width_right=&#8221;0px&#8221; border_color_bottom=&#8221;#E9EDF4&#8243; border_color_left=&#8221;#19924A&#8221; border_width_all_tablet=&#8221;&#8221; border_width_all_phone=&#8221;30px&#8221; border_width_all_last_edited=&#8221;on|phone&#8221; global_colors_info=&#8221;{}&#8221;][\/et_pb_image][\/et_pb_column][\/et_pb_row][\/et_pb_section][et_pb_section fb_built=&#8221;1&#8243; disabled_on=&#8221;on|on|on&#8221; admin_label=&#8221;Services&#8221; _builder_version=&#8221;4.16&#8243; _module_preset=&#8221;default&#8221; background_enable_color=&#8221;off&#8221; use_background_color_gradient=&#8221;on&#8221; background_color_gradient_stops=&#8221;#e9edf4 0%|#ffffff 100%&#8221; background_color_gradient_start=&#8221;#e9edf4&#8243; background_color_gradient_end=&#8221;#ffffff&#8221; background_image=&#8221;https:\/\/bienestar.campeche.gob.mx\/wp-content\/uploads\/golf-lessons-img-04.png&#8221; background_size=&#8221;contain&#8221; background_position=&#8221;bottom_left&#8221; custom_padding=&#8221;0px||||false|false&#8221; disabled=&#8221;on&#8221; locked=&#8221;off&#8221; collapsed=&#8221;on&#8221; global_colors_info=&#8221;{}&#8221;][et_pb_row _builder_version=&#8221;4.19.2&#8243; _module_preset=&#8221;default&#8221;][et_pb_column _builder_version=&#8221;4.19.2&#8243; _module_preset=&#8221;default&#8221; type=&#8221;4_4&#8243;][et_pb_image src=&#8221;https:\/\/bienestar.campeche.gob.mx\/wp-content\/uploads\/Organigrama.png&#8221; _builder_version=&#8221;4.19.2&#8243; _module_preset=&#8221;default&#8221; title_text=&#8221;Organigrama&#8221; hover_enabled=&#8221;0&#8243; sticky_enabled=&#8221;0&#8243;][\/et_pb_image][\/et_pb_column][\/et_pb_row][et_pb_row _builder_version=&#8221;4.19.2&#8243; _module_preset=&#8221;default&#8221; column_structure=&#8221;3_4,1_4&#8243; hover_enabled=&#8221;0&#8243; sticky_enabled=&#8221;0&#8243;][et_pb_column _builder_version=&#8221;4.19.2&#8243; _module_preset=&#8221;default&#8221; type=&#8221;3_4&#8243;][et_pb_text _builder_version=&#8221;4.19.2&#8243; _module_preset=&#8221;default&#8221; text_text_color=&#8221;#000000&#8243; hover_enabled=&#8221;0&#8243; sticky_enabled=&#8221;0&#8243;]<\/p>\n<h3 style=\"text-align: justify;\"><b>Monto de los apoyos<\/b><\/h3>\n<p style=\"text-align: justify;\"><b>El Comit\u00e9 T\u00e9cnico del Programa<\/b> establecer\u00e1 los montos de los apoyos que provengan de recursos estatales, <b>sin m\u00e1s limitaci\u00f3n que la disponibilidad presupuestal<\/b>. En el caso de los montos de los apoyos provenientes de los recursos federales se estar\u00e1 a lo dispuesto a la normatividad aplicable en vigor.<\/p>\n<p>[\/et_pb_text][\/et_pb_column][et_pb_column _builder_version=&#8221;4.19.2&#8243; _module_preset=&#8221;default&#8221; type=&#8221;1_4&#8243; hover_enabled=&#8221;0&#8243; sticky_enabled=&#8221;0&#8243;][et_pb_image src=&#8221;https:\/\/bienestar.campeche.gob.mx\/wp-content\/uploads\/mono.png&#8221; _builder_version=&#8221;4.19.2&#8243; _module_preset=&#8221;default&#8221; title_text=&#8221;mono&#8221; hover_enabled=&#8221;0&#8243; sticky_enabled=&#8221;0&#8243;][\/et_pb_image][\/et_pb_column][\/et_pb_row][\/et_pb_section][et_pb_section fb_built=&#8221;1&#8243; theme_builder_area=&#8221;post_content&#8221; _builder_version=&#8221;4.19.2&#8243; _module_preset=&#8221;default&#8221; custom_margin=&#8221;-53px|||||&#8221;][et_pb_row _builder_version=&#8221;4.19.2&#8243; _module_preset=&#8221;default&#8221; theme_builder_area=&#8221;post_content&#8221;][et_pb_column _builder_version=&#8221;4.19.2&#8243; _module_preset=&#8221;default&#8221; type=&#8221;4_4&#8243; theme_builder_area=&#8221;post_content&#8221;][et_pb_image src=&#8221;https:\/\/bienestar.campeche.gob.mx\/wp-content\/uploads\/imagenprograma.png&#8221; _builder_version=&#8221;4.19.2&#8243; _module_preset=&#8221;default&#8221; theme_builder_area=&#8221;post_content&#8221; title_text=&#8221;imagenprograma&#8221; hover_enabled=&#8221;0&#8243; sticky_enabled=&#8221;0&#8243;][\/et_pb_image][\/et_pb_column][\/et_pb_row][\/et_pb_section]<\/p>\n","protected":false},"excerpt":{"rendered":"<p>Lo que se debe saber sobreBIENESTAR PARA LOS ESPACIOS COMUNITARIOSEl Programa apoya con acciones orientadas a atender a las carencias relacionadas con el equipamiento de los Espacios Comunitarios, promoviendo el fortalecimiento de los Espacios Comunitarios, tales como los Espacios de Alojamiento, Casas Hogares, Comedores Comunitarios, Centros de Alimentaci\u00f3n, Centros de Desarrollo Comunitarios, Albergues y los [&hellip;]<\/p>\n","protected":false},"author":1,"featured_media":0,"parent":0,"menu_order":0,"comment_status":"closed","ping_status":"closed","template":"","meta":{"_acf_changed":false,"_et_pb_use_builder":"on","_et_pb_old_content":"","_et_gb_content_width":"","inline_featured_image":false,"footnotes":""},"acf":[],"_links":{"self":[{"href":"https:\/\/bienestar.campeche.gob.mx\/index.php?rest_route=\/wp\/v2\/pages\/1744"}],"collection":[{"href":"https:\/\/bienestar.campeche.gob.mx\/index.php?rest_route=\/wp\/v2\/pages"}],"about":[{"href":"https:\/\/bienestar.campeche.gob.mx\/index.php?rest_route=\/wp\/v2\/types\/page"}],"author":[{"embeddable":true,"href":"https:\/\/bienestar.campeche.gob.mx\/index.php?rest_route=\/wp\/v2\/users\/1"}],"replies":[{"embeddable":true,"href":"https:\/\/bienestar.campeche.gob.mx\/index.php?rest_route=%2Fwp%2Fv2%2Fcomments&post=1744"}],"version-history":[{"count":14,"href":"https:\/\/bienestar.campeche.gob.mx\/index.php?rest_route=\/wp\/v2\/pages\/1744\/revisions"}],"predecessor-version":[{"id":1792,"href":"https:\/\/bienestar.campeche.gob.mx\/index.php?rest_route=\/wp\/v2\/pages\/1744\/revisions\/1792"}],"wp:attachment":[{"href":"https:\/\/bienestar.campeche.gob.mx\/index.php?rest_route=%2Fwp%2Fv2%2Fmedia&parent=1744"}],"curies":[{"name":"wp","href":"https:\/\/api.w.org\/{rel}","templated":true}]}}